{"id":4185,"date":"2023-11-22T14:24:19","date_gmt":"2023-11-22T13:24:19","guid":{"rendered":"https:\/\/www.dortmansinternational.com\/rueckkehr\/"},"modified":"2024-10-30T12:28:48","modified_gmt":"2024-10-30T11:28:48","slug":"rueckkehr","status":"publish","type":"page","link":"https:\/\/www.dortmansinternational.com\/de\/rueckkehr\/","title":{"rendered":"R\u00fcckkehr"},"content":{"rendered":"<p><div class=\"fusion-fullwidth fullwidth-box fusion-builder-row-1 fusion-flex-container nonhundred-percent-fullwidth non-hundred-percent-height-scrolling\" style=\"--awb-border-radius-top-left:0px;--awb-border-radius-top-right:0px;--awb-border-radius-bottom-right:0px;--awb-border-radius-bottom-left:0px;--awb-padding-top:50px;--awb-padding-bottom:50px;--awb-flex-wrap:wrap;\" ><div class=\"fusion-builder-row fusion-row fusion-flex-align-items-flex-start fusion-flex-content-wrap\" style=\"max-width:1248px;margin-left: calc(-4% \/ 2 );margin-right: calc(-4% \/ 2 );\"><div class=\"fusion-layout-column fusion_builder_column fusion-builder-column-0 fusion_builder_column_1_1 1_1 fusion-flex-column\" style=\"--awb-bg-size:cover;--awb-width-large:100%;--awb-margin-top-large:0px;--awb-spacing-right-large:1.92%;--awb-margin-bottom-large:0px;--awb-spacing-left-large:1.92%;--awb-width-medium:100%;--awb-spacing-right-medium:1.92%;--awb-spacing-left-medium:1.92%;--awb-width-small:100%;--awb-spacing-right-small:1.92%;--awb-spacing-left-small:1.92%;\"><div class=\"fusion-column-wrapper fusion-flex-justify-content-flex-start fusion-content-layout-column\"><div class=\"fusion-text fusion-text-1\" style=\"--awb-text-transform:none;\"><p><p>Das Widerrufsrecht gilt nur, wenn der Kunde eine nat\u00fcrliche Person ist, die nicht in Aus\u00fcbung ihres Berufs oder Unternehmens handelt. F\u00fcr Gesch\u00e4ftskunden gilt das Widerrufsrecht nicht. <\/p>\n<p>Sie haben das Recht, Ihre Bestellung bis zu 14 Tage nach Erhalt ohne Angabe von Gr\u00fcnden zu widerrufen. Nach dem Widerruf haben Sie weitere 14 Tage Zeit, Ihr Produkt zur\u00fcckzusenden. Sie erhalten dann eine Gutschrift \u00fcber den vollen Bestellbetrag einschlie\u00dflich der Versandkosten. Lediglich die Kosten f\u00fcr die R\u00fccksendung von Ihrem Wohnort zum Gesch\u00e4ft gehen zu Ihren Lasten. Diese Kosten belaufen sich auf etwa 7,25 pro Paket. Die genauen Tarife finden Sie auf der Website Ihres Versandunternehmens.      <\/p>\n<p>Wenn Sie von Ihrem Widerrufsrecht Gebrauch machen, wird das Produkt mit allem gelieferten Zubeh\u00f6r und &#8211; wenn m\u00f6glich &#8211; im Originalzustand und in der Originalverpackung an den Unternehmer zur\u00fcckgeschickt. Sollte das Produkt besch\u00e4digt oder die Verpackung st\u00e4rker besch\u00e4digt sein als f\u00fcr den Verkauf des Produkts erforderlich, k\u00f6nnen wir diese Wertminderung des Produkts an Sie weitergeben. Behandeln Sie das Produkt also bitte sorgf\u00e4ltig und vergewissern Sie sich, dass es ordnungsgem\u00e4\u00df verpackt ist, wenn Sie es zur\u00fcckschicken.  <\/p>\n<p>Um von diesem Recht Gebrauch zu machen, laden Sie bitte das untenstehende Formular herunter, f\u00fcllen es aus und senden es \u00fcber unsere E-Mail-Adresse an uns. Wir erstatten Ihnen dann den f\u00e4lligen Betrag innerhalb von 14 Tagen nach Benachrichtigung \u00fcber Ihre R\u00fccksendung, sofern das Produkt bereits in einwandfreiem Zustand bei uns eingegangen ist. <\/p>\n<\/div><div ><a class=\"fusion-button button-flat fusion-button-default-size button-default fusion-button-default button-1 fusion-button-default-span fusion-button-default-type\" target=\"_self\"><span class=\"fusion-button-text awb-button__text awb-button__text--default\">Retourformulier downloaden<\/span><\/a><\/div><\/div><\/div><\/div><\/div>","protected":false},"excerpt":{"rendered":"","protected":false},"author":1,"featured_media":0,"parent":0,"menu_order":0,"comment_status":"closed","ping_status":"closed","template":"100-width.php","meta":{"footnotes":""},"class_list":["post-4185","page","type-page","status-publish","hentry"],"yoast_head":"<!-- This site is optimized with the Yoast SEO plugin v26.5 - https:\/\/yoast.com\/wordpress\/plugins\/seo\/ -->\n<title>R\u00fcckkehr - Dortmans International B.V.<\/title>\n<meta name=\"robots\" content=\"index, follow, max-snippet:-1, max-image-preview:large, max-video-preview:-1\" \/>\n<link rel=\"canonical\" href=\"https:\/\/www.dortmansinternational.com\/de\/rueckkehr\/\" \/>\n<meta property=\"og:locale\" content=\"de_DE\" \/>\n<meta property=\"og:type\" content=\"article\" \/>\n<meta property=\"og:title\" content=\"R\u00fcckkehr - Dortmans International B.V.\" \/>\n<meta property=\"og:url\" content=\"https:\/\/www.dortmansinternational.com\/de\/rueckkehr\/\" \/>\n<meta property=\"og:site_name\" content=\"Dortmans International B.V.\" \/>\n<meta property=\"article:modified_time\" content=\"2024-10-30T11:28:48+00:00\" \/>\n<meta name=\"twitter:card\" content=\"summary_large_image\" \/>\n<meta name=\"twitter:label1\" content=\"Gesch\u00e4tzte Lesezeit\" \/>\n\t<meta name=\"twitter:data1\" content=\"2\u00a0Minuten\" \/>\n<script type=\"application\/ld+json\" class=\"yoast-schema-graph\">{\"@context\":\"https:\/\/schema.org\",\"@graph\":[{\"@type\":\"WebPage\",\"@id\":\"https:\/\/www.dortmansinternational.com\/de\/rueckkehr\/\",\"url\":\"https:\/\/www.dortmansinternational.com\/de\/rueckkehr\/\",\"name\":\"R\u00fcckkehr - Dortmans International B.V.\",\"isPartOf\":{\"@id\":\"https:\/\/www.dortmansinternational.com\/de\/#website\"},\"datePublished\":\"2023-11-22T13:24:19+00:00\",\"dateModified\":\"2024-10-30T11:28:48+00:00\",\"breadcrumb\":{\"@id\":\"https:\/\/www.dortmansinternational.com\/de\/rueckkehr\/#breadcrumb\"},\"inLanguage\":\"de\",\"potentialAction\":[{\"@type\":\"ReadAction\",\"target\":[\"https:\/\/www.dortmansinternational.com\/de\/rueckkehr\/\"]}]},{\"@type\":\"BreadcrumbList\",\"@id\":\"https:\/\/www.dortmansinternational.com\/de\/rueckkehr\/#breadcrumb\",\"itemListElement\":[{\"@type\":\"ListItem\",\"position\":1,\"name\":\"Home\",\"item\":\"https:\/\/www.dortmansinternational.com\/de\/startseite\/\"},{\"@type\":\"ListItem\",\"position\":2,\"name\":\"R\u00fcckkehr\"}]},{\"@type\":\"WebSite\",\"@id\":\"https:\/\/www.dortmansinternational.com\/de\/#website\",\"url\":\"https:\/\/www.dortmansinternational.com\/de\/\",\"name\":\"Dortmans International B.V.\",\"description\":\"Tweedehands stalinrichting\",\"potentialAction\":[{\"@type\":\"SearchAction\",\"target\":{\"@type\":\"EntryPoint\",\"urlTemplate\":\"https:\/\/www.dortmansinternational.com\/de\/?s={search_term_string}\"},\"query-input\":{\"@type\":\"PropertyValueSpecification\",\"valueRequired\":true,\"valueName\":\"search_term_string\"}}],\"inLanguage\":\"de\"}]}<\/script>\n<!-- \/ Yoast SEO plugin. -->","yoast_head_json":{"title":"R\u00fcckkehr - Dortmans International B.V.","robots":{"index":"index","follow":"follow","max-snippet":"max-snippet:-1","max-image-preview":"max-image-preview:large","max-video-preview":"max-video-preview:-1"},"canonical":"https:\/\/www.dortmansinternational.com\/de\/rueckkehr\/","og_locale":"de_DE","og_type":"article","og_title":"R\u00fcckkehr - Dortmans International B.V.","og_url":"https:\/\/www.dortmansinternational.com\/de\/rueckkehr\/","og_site_name":"Dortmans International B.V.","article_modified_time":"2024-10-30T11:28:48+00:00","twitter_card":"summary_large_image","twitter_misc":{"Gesch\u00e4tzte Lesezeit":"2\u00a0Minuten"},"schema":{"@context":"https:\/\/schema.org","@graph":[{"@type":"WebPage","@id":"https:\/\/www.dortmansinternational.com\/de\/rueckkehr\/","url":"https:\/\/www.dortmansinternational.com\/de\/rueckkehr\/","name":"R\u00fcckkehr - Dortmans International B.V.","isPartOf":{"@id":"https:\/\/www.dortmansinternational.com\/de\/#website"},"datePublished":"2023-11-22T13:24:19+00:00","dateModified":"2024-10-30T11:28:48+00:00","breadcrumb":{"@id":"https:\/\/www.dortmansinternational.com\/de\/rueckkehr\/#breadcrumb"},"inLanguage":"de","potentialAction":[{"@type":"ReadAction","target":["https:\/\/www.dortmansinternational.com\/de\/rueckkehr\/"]}]},{"@type":"BreadcrumbList","@id":"https:\/\/www.dortmansinternational.com\/de\/rueckkehr\/#breadcrumb","itemListElement":[{"@type":"ListItem","position":1,"name":"Home","item":"https:\/\/www.dortmansinternational.com\/de\/startseite\/"},{"@type":"ListItem","position":2,"name":"R\u00fcckkehr"}]},{"@type":"WebSite","@id":"https:\/\/www.dortmansinternational.com\/de\/#website","url":"https:\/\/www.dortmansinternational.com\/de\/","name":"Dortmans International B.V.","description":"Tweedehands stalinrichting","potentialAction":[{"@type":"SearchAction","target":{"@type":"EntryPoint","urlTemplate":"https:\/\/www.dortmansinternational.com\/de\/?s={search_term_string}"},"query-input":{"@type":"PropertyValueSpecification","valueRequired":true,"valueName":"search_term_string"}}],"inLanguage":"de"}]}},"_links":{"self":[{"href":"https:\/\/www.dortmansinternational.com\/de\/wp-json\/wp\/v2\/pages\/4185","targetHints":{"allow":["GET"]}}],"collection":[{"href":"https:\/\/www.dortmansinternational.com\/de\/wp-json\/wp\/v2\/pages"}],"about":[{"href":"https:\/\/www.dortmansinternational.com\/de\/wp-json\/wp\/v2\/types\/page"}],"author":[{"embeddable":true,"href":"https:\/\/www.dortmansinternational.com\/de\/wp-json\/wp\/v2\/users\/1"}],"replies":[{"embeddable":true,"href":"https:\/\/www.dortmansinternational.com\/de\/wp-json\/wp\/v2\/comments?post=4185"}],"version-history":[{"count":1,"href":"https:\/\/www.dortmansinternational.com\/de\/wp-json\/wp\/v2\/pages\/4185\/revisions"}],"predecessor-version":[{"id":4187,"href":"https:\/\/www.dortmansinternational.com\/de\/wp-json\/wp\/v2\/pages\/4185\/revisions\/4187"}],"wp:attachment":[{"href":"https:\/\/www.dortmansinternational.com\/de\/wp-json\/wp\/v2\/media?parent=4185"}],"curies":[{"name":"wp","href":"https:\/\/api.w.org\/{rel}","templated":true}]}}