{"id":4213,"date":"2022-04-06T09:56:06","date_gmt":"2022-04-06T07:56:06","guid":{"rendered":"https:\/\/www.dortmansinternational.com\/lieferzeiten-und-versandkosten\/"},"modified":"2024-10-30T12:29:15","modified_gmt":"2024-10-30T11:29:15","slug":"lieferzeiten-und-versandkosten","status":"publish","type":"page","link":"https:\/\/www.dortmansinternational.com\/de\/lieferzeiten-und-versandkosten\/","title":{"rendered":"Lieferzeiten und Versandkosten"},"content":{"rendered":"<div class=\"fusion-fullwidth fullwidth-box fusion-builder-row-1 fusion-flex-container nonhundred-percent-fullwidth non-hundred-percent-height-scrolling\" style=\"--awb-border-radius-top-left:0px;--awb-border-radius-top-right:0px;--awb-border-radius-bottom-right:0px;--awb-border-radius-bottom-left:0px;--awb-padding-top:50px;--awb-padding-bottom:50px;--awb-flex-wrap:wrap;\" ><div class=\"fusion-builder-row fusion-row fusion-flex-align-items-flex-start fusion-flex-content-wrap\" style=\"max-width:1248px;margin-left: calc(-4% \/ 2 );margin-right: calc(-4% \/ 2 );\"><div class=\"fusion-layout-column fusion_builder_column fusion-builder-column-0 fusion_builder_column_1_1 1_1 fusion-flex-column\" style=\"--awb-bg-size:cover;--awb-width-large:100%;--awb-margin-top-large:0px;--awb-spacing-right-large:1.92%;--awb-margin-bottom-large:0px;--awb-spacing-left-large:1.92%;--awb-width-medium:100%;--awb-spacing-right-medium:1.92%;--awb-spacing-left-medium:1.92%;--awb-width-small:100%;--awb-spacing-right-small:1.92%;--awb-spacing-left-small:1.92%;\"><div class=\"fusion-column-wrapper fusion-flex-justify-content-flex-start fusion-content-layout-column\"><div class=\"fusion-text fusion-text-1\" style=\"--awb-content-alignment:center;--awb-text-transform:none;\"><p>Wir tun sorgf\u00e4ltig unser Bestes, um die Bestellung so schnell wie m\u00f6glich an Sie zu versenden. Wir bem\u00fchen uns, Bestellungen, die an Werktagen vor 14:00 Uhr eingehen, noch am selben Tag zu versenden. Es gelingt uns jedoch nicht immer, dies einzuhalten. Manchmal sind Produkte nicht auf Lager und dann kann die Lieferung Ihrer Bestellung etwas l\u00e4nger dauern. Bitte erkundigen Sie sich nach den Lieferzeiten. Sollten wir diese Lieferzeiten aus irgendeinem Grund nicht einhalten k\u00f6nnen, werden wir Sie nat\u00fcrlich so schnell wie m\u00f6glich informieren.    <\/p>\n<p>Wir k\u00f6nnen auch den Transport f\u00fcr die Lieferung der Materialien organisieren. Dies geschieht immer in Absprache mit Ihnen, dem Kunden. <\/p>\n<\/div><\/div><\/div><\/div><\/div>\n","protected":false},"excerpt":{"rendered":"","protected":false},"author":1,"featured_media":0,"parent":0,"menu_order":0,"comment_status":"closed","ping_status":"closed","template":"100-width.php","meta":{"footnotes":""},"class_list":["post-4213","page","type-page","status-publish","hentry"],"yoast_head":"<!-- This site is optimized with the Yoast SEO plugin v26.5 - https:\/\/yoast.com\/wordpress\/plugins\/seo\/ -->\n<title>Lieferzeiten und Versandkosten - Dortmans International B.V.<\/title>\n<meta name=\"robots\" content=\"index, follow, max-snippet:-1, max-image-preview:large, max-video-preview:-1\" \/>\n<link rel=\"canonical\" href=\"https:\/\/www.dortmansinternational.com\/de\/lieferzeiten-und-versandkosten\/\" \/>\n<meta property=\"og:locale\" content=\"de_DE\" \/>\n<meta property=\"og:type\" content=\"article\" \/>\n<meta property=\"og:title\" content=\"Lieferzeiten und Versandkosten - Dortmans International B.V.\" \/>\n<meta property=\"og:url\" content=\"https:\/\/www.dortmansinternational.com\/de\/lieferzeiten-und-versandkosten\/\" \/>\n<meta property=\"og:site_name\" content=\"Dortmans International B.V.\" \/>\n<meta property=\"article:modified_time\" content=\"2024-10-30T11:29:15+00:00\" \/>\n<meta name=\"twitter:card\" content=\"summary_large_image\" \/>\n<meta name=\"twitter:label1\" content=\"Gesch\u00e4tzte Lesezeit\" \/>\n\t<meta name=\"twitter:data1\" content=\"1\u00a0Minute\" \/>\n<script type=\"application\/ld+json\" class=\"yoast-schema-graph\">{\"@context\":\"https:\/\/schema.org\",\"@graph\":[{\"@type\":\"WebPage\",\"@id\":\"https:\/\/www.dortmansinternational.com\/de\/lieferzeiten-und-versandkosten\/\",\"url\":\"https:\/\/www.dortmansinternational.com\/de\/lieferzeiten-und-versandkosten\/\",\"name\":\"Lieferzeiten und Versandkosten - Dortmans International B.V.\",\"isPartOf\":{\"@id\":\"https:\/\/www.dortmansinternational.com\/de\/#website\"},\"datePublished\":\"2022-04-06T07:56:06+00:00\",\"dateModified\":\"2024-10-30T11:29:15+00:00\",\"breadcrumb\":{\"@id\":\"https:\/\/www.dortmansinternational.com\/de\/lieferzeiten-und-versandkosten\/#breadcrumb\"},\"inLanguage\":\"de\",\"potentialAction\":[{\"@type\":\"ReadAction\",\"target\":[\"https:\/\/www.dortmansinternational.com\/de\/lieferzeiten-und-versandkosten\/\"]}]},{\"@type\":\"BreadcrumbList\",\"@id\":\"https:\/\/www.dortmansinternational.com\/de\/lieferzeiten-und-versandkosten\/#breadcrumb\",\"itemListElement\":[{\"@type\":\"ListItem\",\"position\":1,\"name\":\"Home\",\"item\":\"https:\/\/www.dortmansinternational.com\/de\/startseite\/\"},{\"@type\":\"ListItem\",\"position\":2,\"name\":\"Lieferzeiten und Versandkosten\"}]},{\"@type\":\"WebSite\",\"@id\":\"https:\/\/www.dortmansinternational.com\/de\/#website\",\"url\":\"https:\/\/www.dortmansinternational.com\/de\/\",\"name\":\"Dortmans International B.V.\",\"description\":\"Tweedehands stalinrichting\",\"potentialAction\":[{\"@type\":\"SearchAction\",\"target\":{\"@type\":\"EntryPoint\",\"urlTemplate\":\"https:\/\/www.dortmansinternational.com\/de\/?s={search_term_string}\"},\"query-input\":{\"@type\":\"PropertyValueSpecification\",\"valueRequired\":true,\"valueName\":\"search_term_string\"}}],\"inLanguage\":\"de\"}]}<\/script>\n<!-- \/ Yoast SEO plugin. -->","yoast_head_json":{"title":"Lieferzeiten und Versandkosten - Dortmans International B.V.","robots":{"index":"index","follow":"follow","max-snippet":"max-snippet:-1","max-image-preview":"max-image-preview:large","max-video-preview":"max-video-preview:-1"},"canonical":"https:\/\/www.dortmansinternational.com\/de\/lieferzeiten-und-versandkosten\/","og_locale":"de_DE","og_type":"article","og_title":"Lieferzeiten und Versandkosten - Dortmans International B.V.","og_url":"https:\/\/www.dortmansinternational.com\/de\/lieferzeiten-und-versandkosten\/","og_site_name":"Dortmans International B.V.","article_modified_time":"2024-10-30T11:29:15+00:00","twitter_card":"summary_large_image","twitter_misc":{"Gesch\u00e4tzte Lesezeit":"1\u00a0Minute"},"schema":{"@context":"https:\/\/schema.org","@graph":[{"@type":"WebPage","@id":"https:\/\/www.dortmansinternational.com\/de\/lieferzeiten-und-versandkosten\/","url":"https:\/\/www.dortmansinternational.com\/de\/lieferzeiten-und-versandkosten\/","name":"Lieferzeiten und Versandkosten - Dortmans International B.V.","isPartOf":{"@id":"https:\/\/www.dortmansinternational.com\/de\/#website"},"datePublished":"2022-04-06T07:56:06+00:00","dateModified":"2024-10-30T11:29:15+00:00","breadcrumb":{"@id":"https:\/\/www.dortmansinternational.com\/de\/lieferzeiten-und-versandkosten\/#breadcrumb"},"inLanguage":"de","potentialAction":[{"@type":"ReadAction","target":["https:\/\/www.dortmansinternational.com\/de\/lieferzeiten-und-versandkosten\/"]}]},{"@type":"BreadcrumbList","@id":"https:\/\/www.dortmansinternational.com\/de\/lieferzeiten-und-versandkosten\/#breadcrumb","itemListElement":[{"@type":"ListItem","position":1,"name":"Home","item":"https:\/\/www.dortmansinternational.com\/de\/startseite\/"},{"@type":"ListItem","position":2,"name":"Lieferzeiten und Versandkosten"}]},{"@type":"WebSite","@id":"https:\/\/www.dortmansinternational.com\/de\/#website","url":"https:\/\/www.dortmansinternational.com\/de\/","name":"Dortmans International B.V.","description":"Tweedehands stalinrichting","potentialAction":[{"@type":"SearchAction","target":{"@type":"EntryPoint","urlTemplate":"https:\/\/www.dortmansinternational.com\/de\/?s={search_term_string}"},"query-input":{"@type":"PropertyValueSpecification","valueRequired":true,"valueName":"search_term_string"}}],"inLanguage":"de"}]}},"_links":{"self":[{"href":"https:\/\/www.dortmansinternational.com\/de\/wp-json\/wp\/v2\/pages\/4213","targetHints":{"allow":["GET"]}}],"collection":[{"href":"https:\/\/www.dortmansinternational.com\/de\/wp-json\/wp\/v2\/pages"}],"about":[{"href":"https:\/\/www.dortmansinternational.com\/de\/wp-json\/wp\/v2\/types\/page"}],"author":[{"embeddable":true,"href":"https:\/\/www.dortmansinternational.com\/de\/wp-json\/wp\/v2\/users\/1"}],"replies":[{"embeddable":true,"href":"https:\/\/www.dortmansinternational.com\/de\/wp-json\/wp\/v2\/comments?post=4213"}],"version-history":[{"count":4,"href":"https:\/\/www.dortmansinternational.com\/de\/wp-json\/wp\/v2\/pages\/4213\/revisions"}],"predecessor-version":[{"id":4237,"href":"https:\/\/www.dortmansinternational.com\/de\/wp-json\/wp\/v2\/pages\/4213\/revisions\/4237"}],"wp:attachment":[{"href":"https:\/\/www.dortmansinternational.com\/de\/wp-json\/wp\/v2\/media?parent=4213"}],"curies":[{"name":"wp","href":"https:\/\/api.w.org\/{rel}","templated":true}]}}