{"id":8701,"date":"2023-11-22T14:24:19","date_gmt":"2023-11-22T13:24:19","guid":{"rendered":"https:\/\/www.dortmansinternational.com\/devuelve\/"},"modified":"2025-02-06T10:10:47","modified_gmt":"2025-02-06T09:10:47","slug":"devuelve","status":"publish","type":"page","link":"https:\/\/www.dortmansinternational.com\/es\/devuelve\/","title":{"rendered":"Devuelve"},"content":{"rendered":"<p><div class=\"fusion-fullwidth fullwidth-box fusion-builder-row-1 fusion-flex-container nonhundred-percent-fullwidth non-hundred-percent-height-scrolling\" style=\"--awb-border-radius-top-left:0px;--awb-border-radius-top-right:0px;--awb-border-radius-bottom-right:0px;--awb-border-radius-bottom-left:0px;--awb-padding-top:50px;--awb-padding-bottom:50px;--awb-flex-wrap:wrap;\" ><div class=\"fusion-builder-row fusion-row fusion-flex-align-items-flex-start fusion-flex-content-wrap\" style=\"max-width:1248px;margin-left: calc(-4% \/ 2 );margin-right: calc(-4% \/ 2 );\"><div class=\"fusion-layout-column fusion_builder_column fusion-builder-column-0 fusion_builder_column_1_1 1_1 fusion-flex-column\" style=\"--awb-bg-size:cover;--awb-width-large:100%;--awb-margin-top-large:0px;--awb-spacing-right-large:1.92%;--awb-margin-bottom-large:0px;--awb-spacing-left-large:1.92%;--awb-width-medium:100%;--awb-spacing-right-medium:1.92%;--awb-spacing-left-medium:1.92%;--awb-width-small:100%;--awb-spacing-right-small:1.92%;--awb-spacing-left-small:1.92%;\"><div class=\"fusion-column-wrapper fusion-flex-justify-content-flex-start fusion-content-layout-column\"><div class=\"fusion-text fusion-text-1\" style=\"--awb-text-transform:none;\"><p><p>El derecho de desistimiento s\u00f3lo se aplica si el Cliente es una persona f\u00edsica que no act\u00faa en el ejercicio de su profesi\u00f3n o negocio. Los Clientes comerciales no pueden acogerse al derecho de desistimiento. <\/p>\n<p>Tienes derecho a cancelar tu pedido hasta 14 d\u00edas despu\u00e9s de recibirlo, sin indicar el motivo. Tienes otros 14 d\u00edas para devolver tu producto despu\u00e9s de la cancelaci\u00f3n. Entonces se te abonar\u00e1 el importe total del pedido, incluidos los gastos de env\u00edo. S\u00f3lo corren de tu cuenta los gastos de devoluci\u00f3n desde tu domicilio hasta la tienda. Estos gastos son de aproximadamente 7,25 por paquete; para conocer las tarifas exactas, consulta el sitio web de tu transportista.      <\/p>\n<p>Si ejerces tu derecho de desistimiento, el producto se devolver\u00e1 al empresario con todos los accesorios entregados y -si es razonablemente posible- en su estado y embalaje originales. Si el producto est\u00e1 da\u00f1ado o el embalaje est\u00e1 m\u00e1s deteriorado de lo necesario para venderlo, podemos repercutirte esta depreciaci\u00f3n del producto. As\u00ed que, por favor, trata el producto con cuidado y aseg\u00farate de que est\u00e1 correctamente embalado cuando lo devuelvas.  <\/p>\n<p>Para ejercer este derecho, descarga el siguiente formulario, rell\u00e9nalo y env\u00edanoslo a trav\u00e9s de nuestra direcci\u00f3n de correo electr\u00f3nico. Te reembolsaremos el importe del pedido en un plazo de 14 d\u00edas a partir de la notificaci\u00f3n de tu devoluci\u00f3n, siempre que el producto se haya recibido en buen estado. <\/p>\n<\/div><div ><a class=\"fusion-button button-flat fusion-button-default-size button-default fusion-button-default button-1 fusion-button-default-span fusion-button-default-type\" target=\"_self\"><span class=\"fusion-button-text awb-button__text awb-button__text--default\">Retourformulier downloaden<\/span><\/a><\/div><\/div><\/div><\/div><\/div>","protected":false},"excerpt":{"rendered":"","protected":false},"author":1,"featured_media":0,"parent":0,"menu_order":0,"comment_status":"closed","ping_status":"closed","template":"100-width.php","meta":{"footnotes":""},"class_list":["post-8701","page","type-page","status-publish","hentry"],"yoast_head":"<!-- This site is optimized with the Yoast SEO plugin v26.5 - https:\/\/yoast.com\/wordpress\/plugins\/seo\/ -->\n<title>Devuelve - Dortmans International B.V.<\/title>\n<meta name=\"robots\" content=\"index, follow, max-snippet:-1, max-image-preview:large, max-video-preview:-1\" \/>\n<link rel=\"canonical\" href=\"https:\/\/www.dortmansinternational.com\/es\/devuelve\/\" \/>\n<meta property=\"og:locale\" content=\"es_ES\" \/>\n<meta property=\"og:type\" content=\"article\" \/>\n<meta property=\"og:title\" content=\"Devuelve - Dortmans International B.V.\" \/>\n<meta property=\"og:url\" content=\"https:\/\/www.dortmansinternational.com\/es\/devuelve\/\" \/>\n<meta property=\"og:site_name\" content=\"Dortmans International B.V.\" \/>\n<meta property=\"article:modified_time\" content=\"2025-02-06T09:10:47+00:00\" \/>\n<meta name=\"twitter:card\" content=\"summary_large_image\" \/>\n<meta name=\"twitter:label1\" content=\"Tiempo de lectura\" \/>\n\t<meta name=\"twitter:data1\" content=\"2 minutos\" \/>\n<script type=\"application\/ld+json\" class=\"yoast-schema-graph\">{\"@context\":\"https:\/\/schema.org\",\"@graph\":[{\"@type\":\"WebPage\",\"@id\":\"https:\/\/www.dortmansinternational.com\/es\/devuelve\/\",\"url\":\"https:\/\/www.dortmansinternational.com\/es\/devuelve\/\",\"name\":\"Devuelve - Dortmans International B.V.\",\"isPartOf\":{\"@id\":\"https:\/\/www.dortmansinternational.com\/es\/#website\"},\"datePublished\":\"2023-11-22T13:24:19+00:00\",\"dateModified\":\"2025-02-06T09:10:47+00:00\",\"breadcrumb\":{\"@id\":\"https:\/\/www.dortmansinternational.com\/es\/devuelve\/#breadcrumb\"},\"inLanguage\":\"es\",\"potentialAction\":[{\"@type\":\"ReadAction\",\"target\":[\"https:\/\/www.dortmansinternational.com\/es\/devuelve\/\"]}]},{\"@type\":\"BreadcrumbList\",\"@id\":\"https:\/\/www.dortmansinternational.com\/es\/devuelve\/#breadcrumb\",\"itemListElement\":[{\"@type\":\"ListItem\",\"position\":1,\"name\":\"Home\",\"item\":\"https:\/\/www.dortmansinternational.com\/es\/inicio\/\"},{\"@type\":\"ListItem\",\"position\":2,\"name\":\"Devuelve\"}]},{\"@type\":\"WebSite\",\"@id\":\"https:\/\/www.dortmansinternational.com\/es\/#website\",\"url\":\"https:\/\/www.dortmansinternational.com\/es\/\",\"name\":\"Dortmans International B.V.\",\"description\":\"Tweedehands stalinrichting\",\"potentialAction\":[{\"@type\":\"SearchAction\",\"target\":{\"@type\":\"EntryPoint\",\"urlTemplate\":\"https:\/\/www.dortmansinternational.com\/es\/?s={search_term_string}\"},\"query-input\":{\"@type\":\"PropertyValueSpecification\",\"valueRequired\":true,\"valueName\":\"search_term_string\"}}],\"inLanguage\":\"es\"}]}<\/script>\n<!-- \/ Yoast SEO plugin. -->","yoast_head_json":{"title":"Devuelve - Dortmans International B.V.","robots":{"index":"index","follow":"follow","max-snippet":"max-snippet:-1","max-image-preview":"max-image-preview:large","max-video-preview":"max-video-preview:-1"},"canonical":"https:\/\/www.dortmansinternational.com\/es\/devuelve\/","og_locale":"es_ES","og_type":"article","og_title":"Devuelve - Dortmans International B.V.","og_url":"https:\/\/www.dortmansinternational.com\/es\/devuelve\/","og_site_name":"Dortmans International B.V.","article_modified_time":"2025-02-06T09:10:47+00:00","twitter_card":"summary_large_image","twitter_misc":{"Tiempo de lectura":"2 minutos"},"schema":{"@context":"https:\/\/schema.org","@graph":[{"@type":"WebPage","@id":"https:\/\/www.dortmansinternational.com\/es\/devuelve\/","url":"https:\/\/www.dortmansinternational.com\/es\/devuelve\/","name":"Devuelve - Dortmans International B.V.","isPartOf":{"@id":"https:\/\/www.dortmansinternational.com\/es\/#website"},"datePublished":"2023-11-22T13:24:19+00:00","dateModified":"2025-02-06T09:10:47+00:00","breadcrumb":{"@id":"https:\/\/www.dortmansinternational.com\/es\/devuelve\/#breadcrumb"},"inLanguage":"es","potentialAction":[{"@type":"ReadAction","target":["https:\/\/www.dortmansinternational.com\/es\/devuelve\/"]}]},{"@type":"BreadcrumbList","@id":"https:\/\/www.dortmansinternational.com\/es\/devuelve\/#breadcrumb","itemListElement":[{"@type":"ListItem","position":1,"name":"Home","item":"https:\/\/www.dortmansinternational.com\/es\/inicio\/"},{"@type":"ListItem","position":2,"name":"Devuelve"}]},{"@type":"WebSite","@id":"https:\/\/www.dortmansinternational.com\/es\/#website","url":"https:\/\/www.dortmansinternational.com\/es\/","name":"Dortmans International B.V.","description":"Tweedehands stalinrichting","potentialAction":[{"@type":"SearchAction","target":{"@type":"EntryPoint","urlTemplate":"https:\/\/www.dortmansinternational.com\/es\/?s={search_term_string}"},"query-input":{"@type":"PropertyValueSpecification","valueRequired":true,"valueName":"search_term_string"}}],"inLanguage":"es"}]}},"_links":{"self":[{"href":"https:\/\/www.dortmansinternational.com\/es\/wp-json\/wp\/v2\/pages\/8701","targetHints":{"allow":["GET"]}}],"collection":[{"href":"https:\/\/www.dortmansinternational.com\/es\/wp-json\/wp\/v2\/pages"}],"about":[{"href":"https:\/\/www.dortmansinternational.com\/es\/wp-json\/wp\/v2\/types\/page"}],"author":[{"embeddable":true,"href":"https:\/\/www.dortmansinternational.com\/es\/wp-json\/wp\/v2\/users\/1"}],"replies":[{"embeddable":true,"href":"https:\/\/www.dortmansinternational.com\/es\/wp-json\/wp\/v2\/comments?post=8701"}],"version-history":[{"count":1,"href":"https:\/\/www.dortmansinternational.com\/es\/wp-json\/wp\/v2\/pages\/8701\/revisions"}],"predecessor-version":[{"id":8704,"href":"https:\/\/www.dortmansinternational.com\/es\/wp-json\/wp\/v2\/pages\/8701\/revisions\/8704"}],"wp:attachment":[{"href":"https:\/\/www.dortmansinternational.com\/es\/wp-json\/wp\/v2\/media?parent=8701"}],"curies":[{"name":"wp","href":"https:\/\/api.w.org\/{rel}","templated":true}]}}