{"id":8711,"date":"2024-07-16T11:04:38","date_gmt":"2024-07-16T09:04:38","guid":{"rendered":"https:\/\/www.dortmansinternational.com\/vacante\/"},"modified":"2025-02-06T10:10:44","modified_gmt":"2025-02-06T09:10:44","slug":"vacante","status":"publish","type":"page","link":"https:\/\/www.dortmansinternational.com\/es\/vacante\/","title":{"rendered":"Vacante"},"content":{"rendered":"<div class=\"fusion-fullwidth fullwidth-box fusion-builder-row-1 fusion-flex-container has-pattern-background has-mask-background nonhundred-percent-fullwidth non-hundred-percent-height-scrolling\" style=\"--awb-border-radius-top-left:0px;--awb-border-radius-top-right:0px;--awb-border-radius-bottom-right:0px;--awb-border-radius-bottom-left:0px;--awb-padding-top:50px;--awb-padding-bottom:50px;--awb-flex-wrap:wrap;\" ><div class=\"fusion-builder-row fusion-row fusion-flex-align-items-flex-start fusion-flex-content-wrap\" style=\"max-width:1248px;margin-left: calc(-4% \/ 2 );margin-right: calc(-4% \/ 2 );\"><div class=\"fusion-layout-column fusion_builder_column fusion-builder-column-0 fusion_builder_column_1_1 1_1 fusion-flex-column\" style=\"--awb-bg-size:cover;--awb-width-large:100%;--awb-margin-top-large:0px;--awb-spacing-right-large:1.92%;--awb-margin-bottom-large:0px;--awb-spacing-left-large:1.92%;--awb-width-medium:100%;--awb-order-medium:0;--awb-spacing-right-medium:1.92%;--awb-spacing-left-medium:1.92%;--awb-width-small:100%;--awb-order-small:0;--awb-spacing-right-small:1.92%;--awb-spacing-left-small:1.92%;\"><div class=\"fusion-column-wrapper fusion-column-has-shadow fusion-flex-justify-content-flex-start fusion-content-layout-column\"><div class=\"fusion-title title fusion-title-1 fusion-sep-none fusion-title-text fusion-title-size-two\"><h2 class=\"fusion-title-heading title-heading-left\" style=\"margin:0;\">Vacante<\/h2><\/div><div class=\"fusion-text fusion-text-1\"><p>Queremos reforzar nuestro equipo y buscamos inmediatamente un empleado de Almac\u00e9n &#8211; Log\u00edstica a tiempo completo.<\/p>\n<\/div><div class=\"fusion-title title fusion-title-2 fusion-sep-none fusion-title-text fusion-title-size-two\"><h2 class=\"fusion-title-heading title-heading-left\" style=\"margin:0;\">Ser\u00e1s responsable de lo siguiente<\/h2><\/div><ul style=\"--awb-iconcolor:var(--awb-color6);--awb-line-height:27.2px;--awb-icon-width:27.2px;--awb-icon-height:27.2px;--awb-icon-margin:11.2px;--awb-content-margin:38.4px;\" class=\"fusion-checklist fusion-checklist-1 fusion-checklist-default type-icons\"><li class=\"fusion-li-item\" style=\"\"><span class=\"icon-wrapper circle-no\"><i class=\"fusion-li-icon fa-angle-right fas\" aria-hidden=\"true\"><\/i><\/span><div class=\"fusion-li-item-content\">Recoger los pedidos y prepararlos para el env\u00edo<\/div><\/li><li class=\"fusion-li-item\" style=\"\"><span class=\"icon-wrapper circle-no\"><i class=\"fusion-li-icon fa-angle-right fas\" aria-hidden=\"true\"><\/i><\/span><div class=\"fusion-li-item-content\">Preparaci\u00f3n de pedidos<\/div><\/li><li class=\"fusion-li-item\" style=\"\"><span class=\"icon-wrapper circle-no\"><i class=\"fusion-li-icon fa-angle-right fas\" aria-hidden=\"true\"><\/i><\/span><div class=\"fusion-li-item-content\">Ayudar a los clientes a recoger la mercanc\u00eda<\/div><\/li><li class=\"fusion-li-item\" style=\"\"><span class=\"icon-wrapper circle-no\"><i class=\"fusion-li-icon fa-angle-right fas\" aria-hidden=\"true\"><\/i><\/span><div class=\"fusion-li-item-content\">Procesamiento de mercanc\u00edas entrantes<\/div><\/li><li class=\"fusion-li-item\" style=\"\"><span class=\"icon-wrapper circle-no\"><i class=\"fusion-li-icon fa-angle-right fas\" aria-hidden=\"true\"><\/i><\/span><div class=\"fusion-li-item-content\">Carga y descarga de camiones y contenedores para el extranjero<\/div><\/li><li class=\"fusion-li-item\" style=\"\"><span class=\"icon-wrapper circle-no\"><i class=\"fusion-li-icon fa-angle-right fas\" aria-hidden=\"true\"><\/i><\/span><div class=\"fusion-li-item-content\">Cumplimentaci\u00f3n, tramitaci\u00f3n y comprobaci\u00f3n de documentos<\/div><\/li><li class=\"fusion-li-item\" style=\"\"><span class=\"icon-wrapper circle-no\"><i class=\"fusion-li-icon fa-angle-right fas\" aria-hidden=\"true\"><\/i><\/span><div class=\"fusion-li-item-content\">Mantener al d\u00eda las existencias del almac\u00e9n.<\/div><\/li><\/ul><div class=\"fusion-title title fusion-title-3 fusion-sep-none fusion-title-text fusion-title-size-two\"><h2 class=\"fusion-title-heading title-heading-left\" style=\"margin:0;\">Perfil deseado:<\/h2><\/div><ul style=\"--awb-iconcolor:var(--awb-color6);--awb-line-height:27.2px;--awb-icon-width:27.2px;--awb-icon-height:27.2px;--awb-icon-margin:11.2px;--awb-content-margin:38.4px;\" class=\"fusion-checklist fusion-checklist-2 fusion-checklist-default type-icons\"><li class=\"fusion-li-item\" style=\"\"><span class=\"icon-wrapper circle-no\"><i class=\"fusion-li-icon fa-angle-right fas\" aria-hidden=\"true\"><\/i><\/span><div class=\"fusion-li-item-content\">Empleado independiente y motivado<\/div><\/li><li class=\"fusion-li-item\" style=\"\"><span class=\"icon-wrapper circle-no\"><i class=\"fusion-li-icon fa-angle-right fas\" aria-hidden=\"true\"><\/i><\/span><div class=\"fusion-li-item-content\">Afinidad con la industria porcina<\/div><\/li><li class=\"fusion-li-item\" style=\"\"><span class=\"icon-wrapper circle-no\"><i class=\"fusion-li-icon fa-angle-right fas\" aria-hidden=\"true\"><\/i><\/span><div class=\"fusion-li-item-content\">Le gusta trabajar en equipo<\/div><\/li><li class=\"fusion-li-item\" style=\"\"><span class=\"icon-wrapper circle-no\"><i class=\"fusion-li-icon fa-angle-right fas\" aria-hidden=\"true\"><\/i><\/span><div class=\"fusion-li-item-content\">Permiso de conducir<\/div><\/li><\/ul><div class=\"fusion-title title fusion-title-4 fusion-sep-none fusion-title-text fusion-title-size-two\"><h2 class=\"fusion-title-heading title-heading-left\" style=\"margin:0;\">Te lo ofrecemos:<\/h2><\/div><ul style=\"--awb-iconcolor:var(--awb-color6);--awb-line-height:27.2px;--awb-icon-width:27.2px;--awb-icon-height:27.2px;--awb-icon-margin:11.2px;--awb-content-margin:38.4px;\" class=\"fusion-checklist fusion-checklist-3 fusion-checklist-default type-icons\"><li class=\"fusion-li-item\" style=\"\"><span class=\"icon-wrapper circle-no\"><i class=\"fusion-li-icon fa-angle-right fas\" aria-hidden=\"true\"><\/i><\/span><div class=\"fusion-li-item-content\">Un ambiente de trabajo informal debido a una estructura organizativa plana<\/div><\/li><li class=\"fusion-li-item\" style=\"\"><span class=\"icon-wrapper circle-no\"><i class=\"fusion-li-icon fa-angle-right fas\" aria-hidden=\"true\"><\/i><\/span><div class=\"fusion-li-item-content\">L\u00edneas cortas<\/div><\/li><li class=\"fusion-li-item\" style=\"\"><span class=\"icon-wrapper circle-no\"><i class=\"fusion-li-icon fa-angle-right fas\" aria-hidden=\"true\"><\/i><\/span><div class=\"fusion-li-item-content\">Espacio para la iniciativa propia<\/div><\/li><li class=\"fusion-li-item\" style=\"\"><span class=\"icon-wrapper circle-no\"><i class=\"fusion-li-icon fa-angle-right fas\" aria-hidden=\"true\"><\/i><\/span><div class=\"fusion-li-item-content\">Funci\u00f3n variada<\/div><\/li><li class=\"fusion-li-item\" style=\"\"><span class=\"icon-wrapper circle-no\"><i class=\"fusion-li-icon fa-angle-right fas\" aria-hidden=\"true\"><\/i><\/span><div class=\"fusion-li-item-content\">Apoyo para desarrollarte m\u00e1s en tu campo de especializaci\u00f3n<\/div><\/li><li class=\"fusion-li-item\" style=\"\"><span class=\"icon-wrapper circle-no\"><i class=\"fusion-li-icon fa-angle-right fas\" aria-hidden=\"true\"><\/i><\/span><div class=\"fusion-li-item-content\">Certificado de carretilla elevadora<\/div><\/li><\/ul><div class=\"fusion-text fusion-text-2\"><p>Si ves este puesto como un nuevo reto, env\u00eda por correo electr\u00f3nico una breve carta de presentaci\u00f3n con tu CV a administratie@dortmansinternational.com.<\/p>\n<p>Tambi\u00e9n puedes ponerte en contacto con nosotros por tel\u00e9fono para cualquier pregunta relacionada con esta vacante 0413 21 27 34.<\/p>\n<\/div><div ><a class=\"fusion-button button-flat fusion-button-default-size button-default fusion-button-default button-1 fusion-button-default-span fusion-button-default-type\" target=\"_self\" href=\"https:\/\/www.dortmansinternational.com\/contact\/\"><i class=\"fa-angle-right fas awb-button__icon awb-button__icon--default button-icon-left\" aria-hidden=\"true\"><\/i><span class=\"fusion-button-text awb-button__text awb-button__text--default\">Aplica<\/span><\/a><\/div><\/div><\/div><\/div><\/div>\n","protected":false},"excerpt":{"rendered":"","protected":false},"author":1,"featured_media":0,"parent":0,"menu_order":0,"comment_status":"closed","ping_status":"closed","template":"100-width.php","meta":{"footnotes":""},"class_list":["post-8711","page","type-page","status-publish","hentry"],"yoast_head":"<!-- This site is optimized with the Yoast SEO plugin v26.5 - https:\/\/yoast.com\/wordpress\/plugins\/seo\/ -->\n<title>Vacante - Dortmans International B.V.<\/title>\n<meta name=\"robots\" content=\"index, follow, max-snippet:-1, max-image-preview:large, max-video-preview:-1\" \/>\n<link rel=\"canonical\" href=\"https:\/\/www.dortmansinternational.com\/es\/vacante\/\" \/>\n<meta property=\"og:locale\" content=\"es_ES\" \/>\n<meta property=\"og:type\" content=\"article\" \/>\n<meta property=\"og:title\" content=\"Vacante - Dortmans International B.V.\" \/>\n<meta property=\"og:url\" content=\"https:\/\/www.dortmansinternational.com\/es\/vacante\/\" \/>\n<meta property=\"og:site_name\" content=\"Dortmans International B.V.\" \/>\n<meta property=\"article:modified_time\" content=\"2025-02-06T09:10:44+00:00\" \/>\n<meta name=\"twitter:card\" content=\"summary_large_image\" \/>\n<meta name=\"twitter:label1\" content=\"Tiempo de lectura\" \/>\n\t<meta name=\"twitter:data1\" content=\"6 minutos\" \/>\n<script type=\"application\/ld+json\" class=\"yoast-schema-graph\">{\"@context\":\"https:\/\/schema.org\",\"@graph\":[{\"@type\":\"WebPage\",\"@id\":\"https:\/\/www.dortmansinternational.com\/es\/vacante\/\",\"url\":\"https:\/\/www.dortmansinternational.com\/es\/vacante\/\",\"name\":\"Vacante - Dortmans International B.V.\",\"isPartOf\":{\"@id\":\"https:\/\/www.dortmansinternational.com\/es\/#website\"},\"datePublished\":\"2024-07-16T09:04:38+00:00\",\"dateModified\":\"2025-02-06T09:10:44+00:00\",\"breadcrumb\":{\"@id\":\"https:\/\/www.dortmansinternational.com\/es\/vacante\/#breadcrumb\"},\"inLanguage\":\"es\",\"potentialAction\":[{\"@type\":\"ReadAction\",\"target\":[\"https:\/\/www.dortmansinternational.com\/es\/vacante\/\"]}]},{\"@type\":\"BreadcrumbList\",\"@id\":\"https:\/\/www.dortmansinternational.com\/es\/vacante\/#breadcrumb\",\"itemListElement\":[{\"@type\":\"ListItem\",\"position\":1,\"name\":\"Home\",\"item\":\"https:\/\/www.dortmansinternational.com\/es\/inicio\/\"},{\"@type\":\"ListItem\",\"position\":2,\"name\":\"Vacante\"}]},{\"@type\":\"WebSite\",\"@id\":\"https:\/\/www.dortmansinternational.com\/es\/#website\",\"url\":\"https:\/\/www.dortmansinternational.com\/es\/\",\"name\":\"Dortmans International B.V.\",\"description\":\"Tweedehands stalinrichting\",\"potentialAction\":[{\"@type\":\"SearchAction\",\"target\":{\"@type\":\"EntryPoint\",\"urlTemplate\":\"https:\/\/www.dortmansinternational.com\/es\/?s={search_term_string}\"},\"query-input\":{\"@type\":\"PropertyValueSpecification\",\"valueRequired\":true,\"valueName\":\"search_term_string\"}}],\"inLanguage\":\"es\"}]}<\/script>\n<!-- \/ Yoast SEO plugin. -->","yoast_head_json":{"title":"Vacante - Dortmans International B.V.","robots":{"index":"index","follow":"follow","max-snippet":"max-snippet:-1","max-image-preview":"max-image-preview:large","max-video-preview":"max-video-preview:-1"},"canonical":"https:\/\/www.dortmansinternational.com\/es\/vacante\/","og_locale":"es_ES","og_type":"article","og_title":"Vacante - Dortmans International B.V.","og_url":"https:\/\/www.dortmansinternational.com\/es\/vacante\/","og_site_name":"Dortmans International B.V.","article_modified_time":"2025-02-06T09:10:44+00:00","twitter_card":"summary_large_image","twitter_misc":{"Tiempo de lectura":"6 minutos"},"schema":{"@context":"https:\/\/schema.org","@graph":[{"@type":"WebPage","@id":"https:\/\/www.dortmansinternational.com\/es\/vacante\/","url":"https:\/\/www.dortmansinternational.com\/es\/vacante\/","name":"Vacante - Dortmans International B.V.","isPartOf":{"@id":"https:\/\/www.dortmansinternational.com\/es\/#website"},"datePublished":"2024-07-16T09:04:38+00:00","dateModified":"2025-02-06T09:10:44+00:00","breadcrumb":{"@id":"https:\/\/www.dortmansinternational.com\/es\/vacante\/#breadcrumb"},"inLanguage":"es","potentialAction":[{"@type":"ReadAction","target":["https:\/\/www.dortmansinternational.com\/es\/vacante\/"]}]},{"@type":"BreadcrumbList","@id":"https:\/\/www.dortmansinternational.com\/es\/vacante\/#breadcrumb","itemListElement":[{"@type":"ListItem","position":1,"name":"Home","item":"https:\/\/www.dortmansinternational.com\/es\/inicio\/"},{"@type":"ListItem","position":2,"name":"Vacante"}]},{"@type":"WebSite","@id":"https:\/\/www.dortmansinternational.com\/es\/#website","url":"https:\/\/www.dortmansinternational.com\/es\/","name":"Dortmans International B.V.","description":"Tweedehands stalinrichting","potentialAction":[{"@type":"SearchAction","target":{"@type":"EntryPoint","urlTemplate":"https:\/\/www.dortmansinternational.com\/es\/?s={search_term_string}"},"query-input":{"@type":"PropertyValueSpecification","valueRequired":true,"valueName":"search_term_string"}}],"inLanguage":"es"}]}},"_links":{"self":[{"href":"https:\/\/www.dortmansinternational.com\/es\/wp-json\/wp\/v2\/pages\/8711","targetHints":{"allow":["GET"]}}],"collection":[{"href":"https:\/\/www.dortmansinternational.com\/es\/wp-json\/wp\/v2\/pages"}],"about":[{"href":"https:\/\/www.dortmansinternational.com\/es\/wp-json\/wp\/v2\/types\/page"}],"author":[{"embeddable":true,"href":"https:\/\/www.dortmansinternational.com\/es\/wp-json\/wp\/v2\/users\/1"}],"replies":[{"embeddable":true,"href":"https:\/\/www.dortmansinternational.com\/es\/wp-json\/wp\/v2\/comments?post=8711"}],"version-history":[{"count":1,"href":"https:\/\/www.dortmansinternational.com\/es\/wp-json\/wp\/v2\/pages\/8711\/revisions"}],"predecessor-version":[{"id":8715,"href":"https:\/\/www.dortmansinternational.com\/es\/wp-json\/wp\/v2\/pages\/8711\/revisions\/8715"}],"wp:attachment":[{"href":"https:\/\/www.dortmansinternational.com\/es\/wp-json\/wp\/v2\/media?parent=8711"}],"curies":[{"name":"wp","href":"https:\/\/api.w.org\/{rel}","templated":true}]}}