{"id":8726,"date":"2022-04-06T09:56:06","date_gmt":"2022-04-06T07:56:06","guid":{"rendered":"https:\/\/www.dortmansinternational.com\/plazo-de-entrega-y-gastos-de-envio\/"},"modified":"2025-02-06T10:10:49","modified_gmt":"2025-02-06T09:10:49","slug":"plazo-de-entrega-y-gastos-de-envio","status":"publish","type":"page","link":"https:\/\/www.dortmansinternational.com\/es\/plazo-de-entrega-y-gastos-de-envio\/","title":{"rendered":"Plazo de entrega y gastos de env\u00edo"},"content":{"rendered":"<div class=\"fusion-fullwidth fullwidth-box fusion-builder-row-1 fusion-flex-container nonhundred-percent-fullwidth non-hundred-percent-height-scrolling\" style=\"--awb-border-radius-top-left:0px;--awb-border-radius-top-right:0px;--awb-border-radius-bottom-right:0px;--awb-border-radius-bottom-left:0px;--awb-padding-top:50px;--awb-padding-bottom:50px;--awb-flex-wrap:wrap;\" ><div class=\"fusion-builder-row fusion-row fusion-flex-align-items-flex-start fusion-flex-content-wrap\" style=\"max-width:1248px;margin-left: calc(-4% \/ 2 );margin-right: calc(-4% \/ 2 );\"><div class=\"fusion-layout-column fusion_builder_column fusion-builder-column-0 fusion_builder_column_1_1 1_1 fusion-flex-column\" style=\"--awb-bg-size:cover;--awb-width-large:100%;--awb-margin-top-large:0px;--awb-spacing-right-large:1.92%;--awb-margin-bottom-large:0px;--awb-spacing-left-large:1.92%;--awb-width-medium:100%;--awb-spacing-right-medium:1.92%;--awb-spacing-left-medium:1.92%;--awb-width-small:100%;--awb-spacing-right-small:1.92%;--awb-spacing-left-small:1.92%;\"><div class=\"fusion-column-wrapper fusion-flex-justify-content-flex-start fusion-content-layout-column\"><div class=\"fusion-text fusion-text-1\" style=\"--awb-content-alignment:center;--awb-text-transform:none;\"><p>Nos esforzamos al m\u00e1ximo para enviarte el pedido lo antes posible. Nuestro objetivo es enviar los pedidos realizados en d\u00edas laborables antes de las 14:00 horas del mismo d\u00eda. Sin embargo, no siempre lo conseguimos, a veces los productos est\u00e1n agotados y entonces la entrega de tu pedido puede tardar un poco m\u00e1s. Consulta los plazos de entrega. Si por cualquier motivo no pudi\u00e9ramos cumplir estos plazos de entrega, por supuesto te informar\u00edamos lo antes posible.    <\/p>\n<p>Tambi\u00e9n podemos organizar el transporte para entregar los materiales. Esto se hace siempre en consulta contigo, el cliente. <\/p>\n<\/div><\/div><\/div><\/div><\/div>\n","protected":false},"excerpt":{"rendered":"","protected":false},"author":1,"featured_media":0,"parent":0,"menu_order":0,"comment_status":"closed","ping_status":"closed","template":"100-width.php","meta":{"footnotes":""},"class_list":["post-8726","page","type-page","status-publish","hentry"],"yoast_head":"<!-- This site is optimized with the Yoast SEO plugin v26.5 - https:\/\/yoast.com\/wordpress\/plugins\/seo\/ -->\n<title>Plazo de entrega y gastos de env\u00edo - Dortmans International B.V.<\/title>\n<meta name=\"robots\" content=\"index, follow, max-snippet:-1, max-image-preview:large, max-video-preview:-1\" \/>\n<link rel=\"canonical\" href=\"https:\/\/www.dortmansinternational.com\/es\/plazo-de-entrega-y-gastos-de-envio\/\" \/>\n<meta property=\"og:locale\" content=\"es_ES\" \/>\n<meta property=\"og:type\" content=\"article\" \/>\n<meta property=\"og:title\" content=\"Plazo de entrega y gastos de env\u00edo - Dortmans International B.V.\" \/>\n<meta property=\"og:url\" content=\"https:\/\/www.dortmansinternational.com\/es\/plazo-de-entrega-y-gastos-de-envio\/\" \/>\n<meta property=\"og:site_name\" content=\"Dortmans International B.V.\" \/>\n<meta property=\"article:modified_time\" content=\"2025-02-06T09:10:49+00:00\" \/>\n<meta name=\"twitter:card\" content=\"summary_large_image\" \/>\n<meta name=\"twitter:label1\" content=\"Tiempo de lectura\" \/>\n\t<meta name=\"twitter:data1\" content=\"1 minuto\" \/>\n<script type=\"application\/ld+json\" class=\"yoast-schema-graph\">{\"@context\":\"https:\/\/schema.org\",\"@graph\":[{\"@type\":\"WebPage\",\"@id\":\"https:\/\/www.dortmansinternational.com\/es\/plazo-de-entrega-y-gastos-de-envio\/\",\"url\":\"https:\/\/www.dortmansinternational.com\/es\/plazo-de-entrega-y-gastos-de-envio\/\",\"name\":\"Plazo de entrega y gastos de env\u00edo - Dortmans International B.V.\",\"isPartOf\":{\"@id\":\"https:\/\/www.dortmansinternational.com\/es\/#website\"},\"datePublished\":\"2022-04-06T07:56:06+00:00\",\"dateModified\":\"2025-02-06T09:10:49+00:00\",\"breadcrumb\":{\"@id\":\"https:\/\/www.dortmansinternational.com\/es\/plazo-de-entrega-y-gastos-de-envio\/#breadcrumb\"},\"inLanguage\":\"es\",\"potentialAction\":[{\"@type\":\"ReadAction\",\"target\":[\"https:\/\/www.dortmansinternational.com\/es\/plazo-de-entrega-y-gastos-de-envio\/\"]}]},{\"@type\":\"BreadcrumbList\",\"@id\":\"https:\/\/www.dortmansinternational.com\/es\/plazo-de-entrega-y-gastos-de-envio\/#breadcrumb\",\"itemListElement\":[{\"@type\":\"ListItem\",\"position\":1,\"name\":\"Home\",\"item\":\"https:\/\/www.dortmansinternational.com\/es\/inicio\/\"},{\"@type\":\"ListItem\",\"position\":2,\"name\":\"Plazo de entrega y gastos de env\u00edo\"}]},{\"@type\":\"WebSite\",\"@id\":\"https:\/\/www.dortmansinternational.com\/es\/#website\",\"url\":\"https:\/\/www.dortmansinternational.com\/es\/\",\"name\":\"Dortmans International B.V.\",\"description\":\"Tweedehands stalinrichting\",\"potentialAction\":[{\"@type\":\"SearchAction\",\"target\":{\"@type\":\"EntryPoint\",\"urlTemplate\":\"https:\/\/www.dortmansinternational.com\/es\/?s={search_term_string}\"},\"query-input\":{\"@type\":\"PropertyValueSpecification\",\"valueRequired\":true,\"valueName\":\"search_term_string\"}}],\"inLanguage\":\"es\"}]}<\/script>\n<!-- \/ Yoast SEO plugin. -->","yoast_head_json":{"title":"Plazo de entrega y gastos de env\u00edo - Dortmans International B.V.","robots":{"index":"index","follow":"follow","max-snippet":"max-snippet:-1","max-image-preview":"max-image-preview:large","max-video-preview":"max-video-preview:-1"},"canonical":"https:\/\/www.dortmansinternational.com\/es\/plazo-de-entrega-y-gastos-de-envio\/","og_locale":"es_ES","og_type":"article","og_title":"Plazo de entrega y gastos de env\u00edo - Dortmans International B.V.","og_url":"https:\/\/www.dortmansinternational.com\/es\/plazo-de-entrega-y-gastos-de-envio\/","og_site_name":"Dortmans International B.V.","article_modified_time":"2025-02-06T09:10:49+00:00","twitter_card":"summary_large_image","twitter_misc":{"Tiempo de lectura":"1 minuto"},"schema":{"@context":"https:\/\/schema.org","@graph":[{"@type":"WebPage","@id":"https:\/\/www.dortmansinternational.com\/es\/plazo-de-entrega-y-gastos-de-envio\/","url":"https:\/\/www.dortmansinternational.com\/es\/plazo-de-entrega-y-gastos-de-envio\/","name":"Plazo de entrega y gastos de env\u00edo - Dortmans International B.V.","isPartOf":{"@id":"https:\/\/www.dortmansinternational.com\/es\/#website"},"datePublished":"2022-04-06T07:56:06+00:00","dateModified":"2025-02-06T09:10:49+00:00","breadcrumb":{"@id":"https:\/\/www.dortmansinternational.com\/es\/plazo-de-entrega-y-gastos-de-envio\/#breadcrumb"},"inLanguage":"es","potentialAction":[{"@type":"ReadAction","target":["https:\/\/www.dortmansinternational.com\/es\/plazo-de-entrega-y-gastos-de-envio\/"]}]},{"@type":"BreadcrumbList","@id":"https:\/\/www.dortmansinternational.com\/es\/plazo-de-entrega-y-gastos-de-envio\/#breadcrumb","itemListElement":[{"@type":"ListItem","position":1,"name":"Home","item":"https:\/\/www.dortmansinternational.com\/es\/inicio\/"},{"@type":"ListItem","position":2,"name":"Plazo de entrega y gastos de env\u00edo"}]},{"@type":"WebSite","@id":"https:\/\/www.dortmansinternational.com\/es\/#website","url":"https:\/\/www.dortmansinternational.com\/es\/","name":"Dortmans International B.V.","description":"Tweedehands stalinrichting","potentialAction":[{"@type":"SearchAction","target":{"@type":"EntryPoint","urlTemplate":"https:\/\/www.dortmansinternational.com\/es\/?s={search_term_string}"},"query-input":{"@type":"PropertyValueSpecification","valueRequired":true,"valueName":"search_term_string"}}],"inLanguage":"es"}]}},"_links":{"self":[{"href":"https:\/\/www.dortmansinternational.com\/es\/wp-json\/wp\/v2\/pages\/8726","targetHints":{"allow":["GET"]}}],"collection":[{"href":"https:\/\/www.dortmansinternational.com\/es\/wp-json\/wp\/v2\/pages"}],"about":[{"href":"https:\/\/www.dortmansinternational.com\/es\/wp-json\/wp\/v2\/types\/page"}],"author":[{"embeddable":true,"href":"https:\/\/www.dortmansinternational.com\/es\/wp-json\/wp\/v2\/users\/1"}],"replies":[{"embeddable":true,"href":"https:\/\/www.dortmansinternational.com\/es\/wp-json\/wp\/v2\/comments?post=8726"}],"version-history":[{"count":1,"href":"https:\/\/www.dortmansinternational.com\/es\/wp-json\/wp\/v2\/pages\/8726\/revisions"}],"predecessor-version":[{"id":8727,"href":"https:\/\/www.dortmansinternational.com\/es\/wp-json\/wp\/v2\/pages\/8726\/revisions\/8727"}],"wp:attachment":[{"href":"https:\/\/www.dortmansinternational.com\/es\/wp-json\/wp\/v2\/media?parent=8726"}],"curies":[{"name":"wp","href":"https:\/\/api.w.org\/{rel}","templated":true}]}}