{"id":8778,"date":"2022-10-05T17:31:44","date_gmt":"2022-10-05T15:31:44","guid":{"rendered":"https:\/\/www.dortmansinternational.com\/product\/alarma-stienen-am-6\/"},"modified":"2022-10-05T17:31:44","modified_gmt":"2022-10-05T15:31:44","slug":"alarma-stienen-am-6","status":"publish","type":"product","link":"https:\/\/www.dortmansinternational.com\/es\/product\/alarma-stienen-am-6\/","title":{"rendered":"Alarma Stienen AM-6"},"content":{"rendered":"<p>Esto es un texto falso. Todo lo que hay aqu\u00ed es s\u00f3lo para dar una impresi\u00f3n del efecto gr\u00e1fico del texto en este lugar. Lo que est\u00e1s leyendo aqu\u00ed es un texto de muestra. Ser\u00e1 sustituido m\u00e1s adelante por el texto definitivo, que no se conoce en este momento. As\u00ed que el texto falso es un texto que en realidad no trata de nada. Lo curioso es que la gente suele leerlo de todos modos. Aunque sepan que es un texto falso, siguen leyendo.      <\/p>\n<p>Esto es un texto falso. Todo lo que hay aqu\u00ed es s\u00f3lo para dar una impresi\u00f3n del efecto gr\u00e1fico del texto en este lugar. Lo que est\u00e1s leyendo aqu\u00ed es un texto de muestra. Ser\u00e1 sustituido m\u00e1s adelante por el texto definitivo, que no se conoce en este momento. As\u00ed que el texto falso es un texto que en realidad no trata de nada. Lo curioso es que la gente suele leerlo de todos modos. Aunque sepan que es un texto falso, siguen leyendo.      <\/p>\n","protected":false},"excerpt":{"rendered":"<p>Esto es un texto falso. Todo lo que hay aqu\u00ed  [&#8230;]<\/p>\n","protected":false},"featured_media":226,"comment_status":"open","ping_status":"closed","template":"","meta":[],"product_brand":[],"product_cat":[610],"product_tag":[612,611],"class_list":{"0":"post-8778","1":"product","2":"type-product","3":"status-publish","4":"has-post-thumbnail","6":"product_cat-ordenadores-climaticos","7":"product_tag-armario-climatico","8":"product_tag-stienen-es","9":"pa_merk-stienen-es","11":"first","12":"instock","13":"taxable","14":"shipping-taxable","15":"product-type-simple"},"yoast_head":"<!-- This site is optimized with the Yoast SEO plugin v26.5 - https:\/\/yoast.com\/wordpress\/plugins\/seo\/ -->\n<title>Alarma Stienen AM-6 - Dortmans International B.V.<\/title>\n<meta name=\"robots\" content=\"index, follow, max-snippet:-1, max-image-preview:large, max-video-preview:-1\" \/>\n<link rel=\"canonical\" href=\"https:\/\/www.dortmansinternational.com\/es\/product\/alarma-stienen-am-6\/\" \/>\n<meta property=\"og:locale\" content=\"es_ES\" \/>\n<meta property=\"og:type\" content=\"article\" \/>\n<meta property=\"og:title\" content=\"Alarma Stienen AM-6 - Dortmans International B.V.\" \/>\n<meta property=\"og:description\" content=\"Esto es un texto falso. Todo lo que hay aqu\u00ed [...]\" \/>\n<meta property=\"og:url\" content=\"https:\/\/www.dortmansinternational.com\/es\/product\/alarma-stienen-am-6\/\" \/>\n<meta property=\"og:site_name\" content=\"Dortmans International B.V.\" \/>\n<meta property=\"og:image\" content=\"https:\/\/www.dortmansinternational.com\/wp-content\/uploads\/2024\/07\/0402185-Stienen-AM-6-alarm-2-scaled.jpg\" \/>\n\t<meta property=\"og:image:width\" content=\"1928\" \/>\n\t<meta property=\"og:image:height\" content=\"2560\" \/>\n\t<meta property=\"og:image:type\" content=\"image\/jpeg\" \/>\n<meta name=\"twitter:card\" content=\"summary_large_image\" \/>\n<meta name=\"twitter:label1\" content=\"Tiempo de lectura\" \/>\n\t<meta name=\"twitter:data1\" content=\"1 minuto\" \/>\n<script type=\"application\/ld+json\" class=\"yoast-schema-graph\">{\"@context\":\"https:\/\/schema.org\",\"@graph\":[{\"@type\":\"WebPage\",\"@id\":\"https:\/\/www.dortmansinternational.com\/es\/product\/alarma-stienen-am-6\/\",\"url\":\"https:\/\/www.dortmansinternational.com\/es\/product\/alarma-stienen-am-6\/\",\"name\":\"Alarma Stienen AM-6 - Dortmans International B.V.\",\"isPartOf\":{\"@id\":\"https:\/\/www.dortmansinternational.com\/es\/#website\"},\"primaryImageOfPage\":{\"@id\":\"https:\/\/www.dortmansinternational.com\/es\/product\/alarma-stienen-am-6\/#primaryimage\"},\"image\":{\"@id\":\"https:\/\/www.dortmansinternational.com\/es\/product\/alarma-stienen-am-6\/#primaryimage\"},\"thumbnailUrl\":\"https:\/\/www.dortmansinternational.com\/wp-content\/uploads\/2024\/07\/0402185-Stienen-AM-6-alarm-2-scaled.jpg\",\"datePublished\":\"2022-10-05T15:31:44+00:00\",\"breadcrumb\":{\"@id\":\"https:\/\/www.dortmansinternational.com\/es\/product\/alarma-stienen-am-6\/#breadcrumb\"},\"inLanguage\":\"es\",\"potentialAction\":[{\"@type\":\"ReadAction\",\"target\":[\"https:\/\/www.dortmansinternational.com\/es\/product\/alarma-stienen-am-6\/\"]}]},{\"@type\":\"ImageObject\",\"inLanguage\":\"es\",\"@id\":\"https:\/\/www.dortmansinternational.com\/es\/product\/alarma-stienen-am-6\/#primaryimage\",\"url\":\"https:\/\/www.dortmansinternational.com\/wp-content\/uploads\/2024\/07\/0402185-Stienen-AM-6-alarm-2-scaled.jpg\",\"contentUrl\":\"https:\/\/www.dortmansinternational.com\/wp-content\/uploads\/2024\/07\/0402185-Stienen-AM-6-alarm-2-scaled.jpg\",\"width\":1928,\"height\":2560},{\"@type\":\"BreadcrumbList\",\"@id\":\"https:\/\/www.dortmansinternational.com\/es\/product\/alarma-stienen-am-6\/#breadcrumb\",\"itemListElement\":[{\"@type\":\"ListItem\",\"position\":1,\"name\":\"Home\",\"item\":\"https:\/\/www.dortmansinternational.com\/es\/inicio\/\"},{\"@type\":\"ListItem\",\"position\":2,\"name\":\"Tienda\",\"item\":\"https:\/\/www.dortmansinternational.com\/tienda\/\"},{\"@type\":\"ListItem\",\"position\":3,\"name\":\"Alarma Stienen AM-6\"}]},{\"@type\":\"WebSite\",\"@id\":\"https:\/\/www.dortmansinternational.com\/es\/#website\",\"url\":\"https:\/\/www.dortmansinternational.com\/es\/\",\"name\":\"Dortmans International B.V.\",\"description\":\"Tweedehands stalinrichting\",\"potentialAction\":[{\"@type\":\"SearchAction\",\"target\":{\"@type\":\"EntryPoint\",\"urlTemplate\":\"https:\/\/www.dortmansinternational.com\/es\/?s={search_term_string}\"},\"query-input\":{\"@type\":\"PropertyValueSpecification\",\"valueRequired\":true,\"valueName\":\"search_term_string\"}}],\"inLanguage\":\"es\"}]}<\/script>\n<!-- \/ Yoast SEO plugin. -->","yoast_head_json":{"title":"Alarma Stienen AM-6 - Dortmans International B.V.","robots":{"index":"index","follow":"follow","max-snippet":"max-snippet:-1","max-image-preview":"max-image-preview:large","max-video-preview":"max-video-preview:-1"},"canonical":"https:\/\/www.dortmansinternational.com\/es\/product\/alarma-stienen-am-6\/","og_locale":"es_ES","og_type":"article","og_title":"Alarma Stienen AM-6 - Dortmans International B.V.","og_description":"Esto es un texto falso. Todo lo que hay aqu\u00ed [...]","og_url":"https:\/\/www.dortmansinternational.com\/es\/product\/alarma-stienen-am-6\/","og_site_name":"Dortmans International B.V.","og_image":[{"width":1928,"height":2560,"url":"https:\/\/www.dortmansinternational.com\/wp-content\/uploads\/2024\/07\/0402185-Stienen-AM-6-alarm-2-scaled.jpg","type":"image\/jpeg"}],"twitter_card":"summary_large_image","twitter_misc":{"Tiempo de lectura":"1 minuto"},"schema":{"@context":"https:\/\/schema.org","@graph":[{"@type":"WebPage","@id":"https:\/\/www.dortmansinternational.com\/es\/product\/alarma-stienen-am-6\/","url":"https:\/\/www.dortmansinternational.com\/es\/product\/alarma-stienen-am-6\/","name":"Alarma Stienen AM-6 - Dortmans International B.V.","isPartOf":{"@id":"https:\/\/www.dortmansinternational.com\/es\/#website"},"primaryImageOfPage":{"@id":"https:\/\/www.dortmansinternational.com\/es\/product\/alarma-stienen-am-6\/#primaryimage"},"image":{"@id":"https:\/\/www.dortmansinternational.com\/es\/product\/alarma-stienen-am-6\/#primaryimage"},"thumbnailUrl":"https:\/\/www.dortmansinternational.com\/wp-content\/uploads\/2024\/07\/0402185-Stienen-AM-6-alarm-2-scaled.jpg","datePublished":"2022-10-05T15:31:44+00:00","breadcrumb":{"@id":"https:\/\/www.dortmansinternational.com\/es\/product\/alarma-stienen-am-6\/#breadcrumb"},"inLanguage":"es","potentialAction":[{"@type":"ReadAction","target":["https:\/\/www.dortmansinternational.com\/es\/product\/alarma-stienen-am-6\/"]}]},{"@type":"ImageObject","inLanguage":"es","@id":"https:\/\/www.dortmansinternational.com\/es\/product\/alarma-stienen-am-6\/#primaryimage","url":"https:\/\/www.dortmansinternational.com\/wp-content\/uploads\/2024\/07\/0402185-Stienen-AM-6-alarm-2-scaled.jpg","contentUrl":"https:\/\/www.dortmansinternational.com\/wp-content\/uploads\/2024\/07\/0402185-Stienen-AM-6-alarm-2-scaled.jpg","width":1928,"height":2560},{"@type":"BreadcrumbList","@id":"https:\/\/www.dortmansinternational.com\/es\/product\/alarma-stienen-am-6\/#breadcrumb","itemListElement":[{"@type":"ListItem","position":1,"name":"Home","item":"https:\/\/www.dortmansinternational.com\/es\/inicio\/"},{"@type":"ListItem","position":2,"name":"Tienda","item":"https:\/\/www.dortmansinternational.com\/tienda\/"},{"@type":"ListItem","position":3,"name":"Alarma Stienen AM-6"}]},{"@type":"WebSite","@id":"https:\/\/www.dortmansinternational.com\/es\/#website","url":"https:\/\/www.dortmansinternational.com\/es\/","name":"Dortmans International B.V.","description":"Tweedehands stalinrichting","potentialAction":[{"@type":"SearchAction","target":{"@type":"EntryPoint","urlTemplate":"https:\/\/www.dortmansinternational.com\/es\/?s={search_term_string}"},"query-input":{"@type":"PropertyValueSpecification","valueRequired":true,"valueName":"search_term_string"}}],"inLanguage":"es"}]}},"_links":{"self":[{"href":"https:\/\/www.dortmansinternational.com\/es\/wp-json\/wp\/v2\/product\/8778","targetHints":{"allow":["GET"]}}],"collection":[{"href":"https:\/\/www.dortmansinternational.com\/es\/wp-json\/wp\/v2\/product"}],"about":[{"href":"https:\/\/www.dortmansinternational.com\/es\/wp-json\/wp\/v2\/types\/product"}],"replies":[{"embeddable":true,"href":"https:\/\/www.dortmansinternational.com\/es\/wp-json\/wp\/v2\/comments?post=8778"}],"wp:featuredmedia":[{"embeddable":true,"href":"https:\/\/www.dortmansinternational.com\/es\/wp-json\/wp\/v2\/media\/226"}],"wp:attachment":[{"href":"https:\/\/www.dortmansinternational.com\/es\/wp-json\/wp\/v2\/media?parent=8778"}],"wp:term":[{"taxonomy":"product_brand","embeddable":true,"href":"https:\/\/www.dortmansinternational.com\/es\/wp-json\/wp\/v2\/product_brand?post=8778"},{"taxonomy":"product_cat","embeddable":true,"href":"https:\/\/www.dortmansinternational.com\/es\/wp-json\/wp\/v2\/product_cat?post=8778"},{"taxonomy":"product_tag","embeddable":true,"href":"https:\/\/www.dortmansinternational.com\/es\/wp-json\/wp\/v2\/product_tag?post=8778"}],"curies":[{"name":"wp","href":"https:\/\/api.w.org\/{rel}","templated":true}]}}