{"id":9159,"date":"2024-09-04T09:10:59","date_gmt":"2024-09-04T07:10:59","guid":{"rendered":"https:\/\/www.dortmansinternational.com\/product\/bomba-dosificadora-movil-aquados\/"},"modified":"2024-09-04T09:10:59","modified_gmt":"2024-09-04T07:10:59","slug":"bomba-dosificadora-movil-aquados","status":"publish","type":"product","link":"https:\/\/www.dortmansinternational.com\/es\/product\/bomba-dosificadora-movil-aquados\/","title":{"rendered":"Bomba dosificadora m\u00f3vil Aquados"},"content":{"rendered":"<p>Bomba dosificadora m\u00f3vil Aquados, especialmente dise\u00f1ada para empresas con varios establos, en las que de vez en cuando hay que tratar un establo\/departamento. La bomba dosificadora m\u00f3vil est\u00e1 equipada con un dep\u00f3sito de 60 litros, que sirve para a\u00f1adir 6.000 litros de agua potable. Caudal m\u00ednimo: 3 litros\/hora Caudal m\u00e1ximo: 1%; 1,8 m3\/hora &#8211; 2%; 0,9 m3\/hora Presi\u00f3n de funcionamiento: 2-3 bares. Proporci\u00f3n de mezcla regulable sin escalonamientos: 0,25 a 1% &#8211; 0,5 a 2%.<\/p>\n","protected":false},"excerpt":{"rendered":"<p>Bomba dosificadora m\u00f3vil Aquados, especialmente dise\u00f1ada para empresas con varios  [&#8230;]<\/p>\n","protected":false},"featured_media":1480,"comment_status":"open","ping_status":"closed","template":"","meta":[],"product_brand":[],"product_cat":[606,651],"product_tag":[],"class_list":{"0":"post-9159","1":"product","2":"type-product","3":"status-publish","4":"has-post-thumbnail","6":"product_cat-otros","7":"product_cat-recien-llegados","9":"first","10":"instock","11":"taxable","12":"shipping-taxable","13":"product-type-simple"},"yoast_head":"<!-- This site is optimized with the Yoast SEO plugin v26.5 - https:\/\/yoast.com\/wordpress\/plugins\/seo\/ -->\n<title>Bomba dosificadora m\u00f3vil Aquados - Dortmans International B.V.<\/title>\n<meta name=\"robots\" content=\"index, follow, max-snippet:-1, max-image-preview:large, max-video-preview:-1\" \/>\n<link rel=\"canonical\" href=\"https:\/\/www.dortmansinternational.com\/es\/product\/bomba-dosificadora-movil-aquados\/\" \/>\n<meta property=\"og:locale\" content=\"es_ES\" \/>\n<meta property=\"og:type\" content=\"article\" \/>\n<meta property=\"og:title\" content=\"Bomba dosificadora m\u00f3vil Aquados - Dortmans International B.V.\" \/>\n<meta property=\"og:description\" content=\"Bomba dosificadora m\u00f3vil Aquados, especialmente dise\u00f1ada para empresas con varios [...]\" \/>\n<meta property=\"og:url\" content=\"https:\/\/www.dortmansinternational.com\/es\/product\/bomba-dosificadora-movil-aquados\/\" \/>\n<meta property=\"og:site_name\" content=\"Dortmans International B.V.\" \/>\n<meta property=\"og:image\" content=\"https:\/\/www.dortmansinternational.com\/wp-content\/uploads\/2024\/09\/Aquados-mobiele-doseerpomp-scaled.jpg\" \/>\n\t<meta property=\"og:image:width\" content=\"1928\" \/>\n\t<meta property=\"og:image:height\" content=\"2560\" \/>\n\t<meta property=\"og:image:type\" content=\"image\/jpeg\" \/>\n<meta name=\"twitter:card\" content=\"summary_large_image\" \/>\n<script type=\"application\/ld+json\" class=\"yoast-schema-graph\">{\"@context\":\"https:\/\/schema.org\",\"@graph\":[{\"@type\":\"WebPage\",\"@id\":\"https:\/\/www.dortmansinternational.com\/es\/product\/bomba-dosificadora-movil-aquados\/\",\"url\":\"https:\/\/www.dortmansinternational.com\/es\/product\/bomba-dosificadora-movil-aquados\/\",\"name\":\"Bomba dosificadora m\u00f3vil Aquados - Dortmans International B.V.\",\"isPartOf\":{\"@id\":\"https:\/\/www.dortmansinternational.com\/es\/#website\"},\"primaryImageOfPage\":{\"@id\":\"https:\/\/www.dortmansinternational.com\/es\/product\/bomba-dosificadora-movil-aquados\/#primaryimage\"},\"image\":{\"@id\":\"https:\/\/www.dortmansinternational.com\/es\/product\/bomba-dosificadora-movil-aquados\/#primaryimage\"},\"thumbnailUrl\":\"https:\/\/www.dortmansinternational.com\/wp-content\/uploads\/2024\/09\/Aquados-mobiele-doseerpomp-scaled.jpg\",\"datePublished\":\"2024-09-04T07:10:59+00:00\",\"breadcrumb\":{\"@id\":\"https:\/\/www.dortmansinternational.com\/es\/product\/bomba-dosificadora-movil-aquados\/#breadcrumb\"},\"inLanguage\":\"es\",\"potentialAction\":[{\"@type\":\"ReadAction\",\"target\":[\"https:\/\/www.dortmansinternational.com\/es\/product\/bomba-dosificadora-movil-aquados\/\"]}]},{\"@type\":\"ImageObject\",\"inLanguage\":\"es\",\"@id\":\"https:\/\/www.dortmansinternational.com\/es\/product\/bomba-dosificadora-movil-aquados\/#primaryimage\",\"url\":\"https:\/\/www.dortmansinternational.com\/wp-content\/uploads\/2024\/09\/Aquados-mobiele-doseerpomp-scaled.jpg\",\"contentUrl\":\"https:\/\/www.dortmansinternational.com\/wp-content\/uploads\/2024\/09\/Aquados-mobiele-doseerpomp-scaled.jpg\",\"width\":1928,\"height\":2560},{\"@type\":\"BreadcrumbList\",\"@id\":\"https:\/\/www.dortmansinternational.com\/es\/product\/bomba-dosificadora-movil-aquados\/#breadcrumb\",\"itemListElement\":[{\"@type\":\"ListItem\",\"position\":1,\"name\":\"Home\",\"item\":\"https:\/\/www.dortmansinternational.com\/es\/inicio\/\"},{\"@type\":\"ListItem\",\"position\":2,\"name\":\"Tienda\",\"item\":\"https:\/\/www.dortmansinternational.com\/tienda\/\"},{\"@type\":\"ListItem\",\"position\":3,\"name\":\"Bomba dosificadora m\u00f3vil Aquados\"}]},{\"@type\":\"WebSite\",\"@id\":\"https:\/\/www.dortmansinternational.com\/es\/#website\",\"url\":\"https:\/\/www.dortmansinternational.com\/es\/\",\"name\":\"Dortmans International B.V.\",\"description\":\"Tweedehands stalinrichting\",\"potentialAction\":[{\"@type\":\"SearchAction\",\"target\":{\"@type\":\"EntryPoint\",\"urlTemplate\":\"https:\/\/www.dortmansinternational.com\/es\/?s={search_term_string}\"},\"query-input\":{\"@type\":\"PropertyValueSpecification\",\"valueRequired\":true,\"valueName\":\"search_term_string\"}}],\"inLanguage\":\"es\"}]}<\/script>\n<!-- \/ Yoast SEO plugin. -->","yoast_head_json":{"title":"Bomba dosificadora m\u00f3vil Aquados - Dortmans International B.V.","robots":{"index":"index","follow":"follow","max-snippet":"max-snippet:-1","max-image-preview":"max-image-preview:large","max-video-preview":"max-video-preview:-1"},"canonical":"https:\/\/www.dortmansinternational.com\/es\/product\/bomba-dosificadora-movil-aquados\/","og_locale":"es_ES","og_type":"article","og_title":"Bomba dosificadora m\u00f3vil Aquados - Dortmans International B.V.","og_description":"Bomba dosificadora m\u00f3vil Aquados, especialmente dise\u00f1ada para empresas con varios [...]","og_url":"https:\/\/www.dortmansinternational.com\/es\/product\/bomba-dosificadora-movil-aquados\/","og_site_name":"Dortmans International B.V.","og_image":[{"width":1928,"height":2560,"url":"https:\/\/www.dortmansinternational.com\/wp-content\/uploads\/2024\/09\/Aquados-mobiele-doseerpomp-scaled.jpg","type":"image\/jpeg"}],"twitter_card":"summary_large_image","schema":{"@context":"https:\/\/schema.org","@graph":[{"@type":"WebPage","@id":"https:\/\/www.dortmansinternational.com\/es\/product\/bomba-dosificadora-movil-aquados\/","url":"https:\/\/www.dortmansinternational.com\/es\/product\/bomba-dosificadora-movil-aquados\/","name":"Bomba dosificadora m\u00f3vil Aquados - Dortmans International B.V.","isPartOf":{"@id":"https:\/\/www.dortmansinternational.com\/es\/#website"},"primaryImageOfPage":{"@id":"https:\/\/www.dortmansinternational.com\/es\/product\/bomba-dosificadora-movil-aquados\/#primaryimage"},"image":{"@id":"https:\/\/www.dortmansinternational.com\/es\/product\/bomba-dosificadora-movil-aquados\/#primaryimage"},"thumbnailUrl":"https:\/\/www.dortmansinternational.com\/wp-content\/uploads\/2024\/09\/Aquados-mobiele-doseerpomp-scaled.jpg","datePublished":"2024-09-04T07:10:59+00:00","breadcrumb":{"@id":"https:\/\/www.dortmansinternational.com\/es\/product\/bomba-dosificadora-movil-aquados\/#breadcrumb"},"inLanguage":"es","potentialAction":[{"@type":"ReadAction","target":["https:\/\/www.dortmansinternational.com\/es\/product\/bomba-dosificadora-movil-aquados\/"]}]},{"@type":"ImageObject","inLanguage":"es","@id":"https:\/\/www.dortmansinternational.com\/es\/product\/bomba-dosificadora-movil-aquados\/#primaryimage","url":"https:\/\/www.dortmansinternational.com\/wp-content\/uploads\/2024\/09\/Aquados-mobiele-doseerpomp-scaled.jpg","contentUrl":"https:\/\/www.dortmansinternational.com\/wp-content\/uploads\/2024\/09\/Aquados-mobiele-doseerpomp-scaled.jpg","width":1928,"height":2560},{"@type":"BreadcrumbList","@id":"https:\/\/www.dortmansinternational.com\/es\/product\/bomba-dosificadora-movil-aquados\/#breadcrumb","itemListElement":[{"@type":"ListItem","position":1,"name":"Home","item":"https:\/\/www.dortmansinternational.com\/es\/inicio\/"},{"@type":"ListItem","position":2,"name":"Tienda","item":"https:\/\/www.dortmansinternational.com\/tienda\/"},{"@type":"ListItem","position":3,"name":"Bomba dosificadora m\u00f3vil Aquados"}]},{"@type":"WebSite","@id":"https:\/\/www.dortmansinternational.com\/es\/#website","url":"https:\/\/www.dortmansinternational.com\/es\/","name":"Dortmans International B.V.","description":"Tweedehands stalinrichting","potentialAction":[{"@type":"SearchAction","target":{"@type":"EntryPoint","urlTemplate":"https:\/\/www.dortmansinternational.com\/es\/?s={search_term_string}"},"query-input":{"@type":"PropertyValueSpecification","valueRequired":true,"valueName":"search_term_string"}}],"inLanguage":"es"}]}},"_links":{"self":[{"href":"https:\/\/www.dortmansinternational.com\/es\/wp-json\/wp\/v2\/product\/9159","targetHints":{"allow":["GET"]}}],"collection":[{"href":"https:\/\/www.dortmansinternational.com\/es\/wp-json\/wp\/v2\/product"}],"about":[{"href":"https:\/\/www.dortmansinternational.com\/es\/wp-json\/wp\/v2\/types\/product"}],"replies":[{"embeddable":true,"href":"https:\/\/www.dortmansinternational.com\/es\/wp-json\/wp\/v2\/comments?post=9159"}],"wp:featuredmedia":[{"embeddable":true,"href":"https:\/\/www.dortmansinternational.com\/es\/wp-json\/wp\/v2\/media\/1480"}],"wp:attachment":[{"href":"https:\/\/www.dortmansinternational.com\/es\/wp-json\/wp\/v2\/media?parent=9159"}],"wp:term":[{"taxonomy":"product_brand","embeddable":true,"href":"https:\/\/www.dortmansinternational.com\/es\/wp-json\/wp\/v2\/product_brand?post=9159"},{"taxonomy":"product_cat","embeddable":true,"href":"https:\/\/www.dortmansinternational.com\/es\/wp-json\/wp\/v2\/product_cat?post=9159"},{"taxonomy":"product_tag","embeddable":true,"href":"https:\/\/www.dortmansinternational.com\/es\/wp-json\/wp\/v2\/product_tag?post=9159"}],"curies":[{"name":"wp","href":"https:\/\/api.w.org\/{rel}","templated":true}]}}