{"id":10341,"date":"2023-11-22T14:26:04","date_gmt":"2023-11-22T13:26:04","guid":{"rendered":"https:\/\/www.dortmansinternational.com\/queixas\/"},"modified":"2025-02-06T11:47:14","modified_gmt":"2025-02-06T10:47:14","slug":"queixas","status":"publish","type":"page","link":"https:\/\/www.dortmansinternational.com\/pt-pt\/queixas\/","title":{"rendered":"Queixas"},"content":{"rendered":"<div class=\"fusion-fullwidth fullwidth-box fusion-builder-row-1 fusion-flex-container nonhundred-percent-fullwidth non-hundred-percent-height-scrolling\" style=\"--awb-border-radius-top-left:0px;--awb-border-radius-top-right:0px;--awb-border-radius-bottom-right:0px;--awb-border-radius-bottom-left:0px;--awb-padding-top:50px;--awb-padding-bottom:50px;--awb-flex-wrap:wrap;\" ><div class=\"fusion-builder-row fusion-row fusion-flex-align-items-flex-start fusion-flex-content-wrap\" style=\"max-width:1248px;margin-left: calc(-4% \/ 2 );margin-right: calc(-4% \/ 2 );\"><div class=\"fusion-layout-column fusion_builder_column fusion-builder-column-0 fusion_builder_column_1_1 1_1 fusion-flex-column\" style=\"--awb-bg-blend:overlay;--awb-bg-size:cover;--awb-width-large:100%;--awb-margin-top-large:0px;--awb-spacing-right-large:1.92%;--awb-margin-bottom-large:0px;--awb-spacing-left-large:1.92%;--awb-width-medium:100%;--awb-spacing-right-medium:1.92%;--awb-spacing-left-medium:1.92%;--awb-width-small:100%;--awb-spacing-right-small:1.92%;--awb-spacing-left-small:1.92%;\"><div class=\"fusion-column-wrapper fusion-flex-justify-content-flex-start fusion-content-layout-column\"><div class=\"fusion-text fusion-text-1\" style=\"--awb-text-transform:none;\"><p>\n&#13;<\/p>\n<p>Fazemos o nosso melhor para que tudo corra bem e valorizamos os clientes satisfeitos. Os nossos produtos fazem-nos felizes e desejamos o mesmo aos nossos clientes. <\/p>\n<p>&#13;<\/p>\n<p>Infelizmente, pode ainda acontecer que algo n\u00e3o corra como planeado. Pedimos-te que, em primeiro lugar, nos apresentes as tuas queixas, enviando um e-mail para o nosso endere\u00e7o eletr\u00f3nico. Se tal n\u00e3o conduzir a uma solu\u00e7\u00e3o, \u00e9 poss\u00edvel submeter o teu lit\u00edgio a uma media\u00e7\u00e3o externa.  <\/p>\n<p>&#13;<\/p>\n<p>Os consumidores da UE tamb\u00e9m podem apresentar queixas atrav\u00e9s da plataforma RLL da Comiss\u00e3o Europeia. Esta plataforma RLL pode ser consultada em <a href=\"http:\/\/ec.europa.eu\/odr\">http:\/\/ec.europa.eu\/odr.<\/a> Se a tua queixa n\u00e3o estiver a ser tratada noutro local, podes apresentar a tua queixa atrav\u00e9s da plataforma da Uni\u00e3o Europeia.  <\/p>\n<p>&#13;<\/p>\n<\/div><\/div><\/div><\/div><\/div>","protected":false},"excerpt":{"rendered":"","protected":false},"author":1,"featured_media":0,"parent":0,"menu_order":0,"comment_status":"closed","ping_status":"closed","template":"100-width.php","meta":{"footnotes":""},"class_list":["post-10341","page","type-page","status-publish","hentry"],"yoast_head":"<!-- This site is optimized with the Yoast SEO plugin v26.5 - https:\/\/yoast.com\/wordpress\/plugins\/seo\/ -->\n<title>Queixas - Dortmans International B.V.<\/title>\n<meta name=\"robots\" content=\"index, follow, max-snippet:-1, max-image-preview:large, max-video-preview:-1\" \/>\n<link rel=\"canonical\" href=\"https:\/\/www.dortmansinternational.com\/pt-pt\/queixas\/\" \/>\n<meta property=\"og:locale\" content=\"pt_PT\" \/>\n<meta property=\"og:type\" content=\"article\" \/>\n<meta property=\"og:title\" content=\"Queixas - Dortmans International B.V.\" \/>\n<meta property=\"og:url\" content=\"https:\/\/www.dortmansinternational.com\/pt-pt\/queixas\/\" \/>\n<meta property=\"og:site_name\" content=\"Dortmans International B.V.\" \/>\n<meta property=\"article:modified_time\" content=\"2025-02-06T10:47:14+00:00\" \/>\n<meta name=\"twitter:card\" content=\"summary_large_image\" \/>\n<meta name=\"twitter:label1\" content=\"Tempo estimado de leitura\" \/>\n\t<meta name=\"twitter:data1\" content=\"2 minutos\" \/>\n<script type=\"application\/ld+json\" class=\"yoast-schema-graph\">{\"@context\":\"https:\/\/schema.org\",\"@graph\":[{\"@type\":\"WebPage\",\"@id\":\"https:\/\/www.dortmansinternational.com\/pt-pt\/queixas\/\",\"url\":\"https:\/\/www.dortmansinternational.com\/pt-pt\/queixas\/\",\"name\":\"Queixas - Dortmans International B.V.\",\"isPartOf\":{\"@id\":\"https:\/\/www.dortmansinternational.com\/pt-pt\/#website\"},\"datePublished\":\"2023-11-22T13:26:04+00:00\",\"dateModified\":\"2025-02-06T10:47:14+00:00\",\"breadcrumb\":{\"@id\":\"https:\/\/www.dortmansinternational.com\/pt-pt\/queixas\/#breadcrumb\"},\"inLanguage\":\"pt-PT\",\"potentialAction\":[{\"@type\":\"ReadAction\",\"target\":[\"https:\/\/www.dortmansinternational.com\/pt-pt\/queixas\/\"]}]},{\"@type\":\"BreadcrumbList\",\"@id\":\"https:\/\/www.dortmansinternational.com\/pt-pt\/queixas\/#breadcrumb\",\"itemListElement\":[{\"@type\":\"ListItem\",\"position\":1,\"name\":\"Home\",\"item\":\"https:\/\/www.dortmansinternational.com\/pt-pt\/\"},{\"@type\":\"ListItem\",\"position\":2,\"name\":\"Queixas\"}]},{\"@type\":\"WebSite\",\"@id\":\"https:\/\/www.dortmansinternational.com\/pt-pt\/#website\",\"url\":\"https:\/\/www.dortmansinternational.com\/pt-pt\/\",\"name\":\"Dortmans International B.V.\",\"description\":\"Tweedehands stalinrichting\",\"potentialAction\":[{\"@type\":\"SearchAction\",\"target\":{\"@type\":\"EntryPoint\",\"urlTemplate\":\"https:\/\/www.dortmansinternational.com\/pt-pt\/?s={search_term_string}\"},\"query-input\":{\"@type\":\"PropertyValueSpecification\",\"valueRequired\":true,\"valueName\":\"search_term_string\"}}],\"inLanguage\":\"pt-PT\"}]}<\/script>\n<!-- \/ Yoast SEO plugin. -->","yoast_head_json":{"title":"Queixas - Dortmans International B.V.","robots":{"index":"index","follow":"follow","max-snippet":"max-snippet:-1","max-image-preview":"max-image-preview:large","max-video-preview":"max-video-preview:-1"},"canonical":"https:\/\/www.dortmansinternational.com\/pt-pt\/queixas\/","og_locale":"pt_PT","og_type":"article","og_title":"Queixas - Dortmans International B.V.","og_url":"https:\/\/www.dortmansinternational.com\/pt-pt\/queixas\/","og_site_name":"Dortmans International B.V.","article_modified_time":"2025-02-06T10:47:14+00:00","twitter_card":"summary_large_image","twitter_misc":{"Tempo estimado de leitura":"2 minutos"},"schema":{"@context":"https:\/\/schema.org","@graph":[{"@type":"WebPage","@id":"https:\/\/www.dortmansinternational.com\/pt-pt\/queixas\/","url":"https:\/\/www.dortmansinternational.com\/pt-pt\/queixas\/","name":"Queixas - Dortmans International B.V.","isPartOf":{"@id":"https:\/\/www.dortmansinternational.com\/pt-pt\/#website"},"datePublished":"2023-11-22T13:26:04+00:00","dateModified":"2025-02-06T10:47:14+00:00","breadcrumb":{"@id":"https:\/\/www.dortmansinternational.com\/pt-pt\/queixas\/#breadcrumb"},"inLanguage":"pt-PT","potentialAction":[{"@type":"ReadAction","target":["https:\/\/www.dortmansinternational.com\/pt-pt\/queixas\/"]}]},{"@type":"BreadcrumbList","@id":"https:\/\/www.dortmansinternational.com\/pt-pt\/queixas\/#breadcrumb","itemListElement":[{"@type":"ListItem","position":1,"name":"Home","item":"https:\/\/www.dortmansinternational.com\/pt-pt\/"},{"@type":"ListItem","position":2,"name":"Queixas"}]},{"@type":"WebSite","@id":"https:\/\/www.dortmansinternational.com\/pt-pt\/#website","url":"https:\/\/www.dortmansinternational.com\/pt-pt\/","name":"Dortmans International B.V.","description":"Tweedehands stalinrichting","potentialAction":[{"@type":"SearchAction","target":{"@type":"EntryPoint","urlTemplate":"https:\/\/www.dortmansinternational.com\/pt-pt\/?s={search_term_string}"},"query-input":{"@type":"PropertyValueSpecification","valueRequired":true,"valueName":"search_term_string"}}],"inLanguage":"pt-PT"}]}},"_links":{"self":[{"href":"https:\/\/www.dortmansinternational.com\/pt-pt\/wp-json\/wp\/v2\/pages\/10341","targetHints":{"allow":["GET"]}}],"collection":[{"href":"https:\/\/www.dortmansinternational.com\/pt-pt\/wp-json\/wp\/v2\/pages"}],"about":[{"href":"https:\/\/www.dortmansinternational.com\/pt-pt\/wp-json\/wp\/v2\/types\/page"}],"author":[{"embeddable":true,"href":"https:\/\/www.dortmansinternational.com\/pt-pt\/wp-json\/wp\/v2\/users\/1"}],"replies":[{"embeddable":true,"href":"https:\/\/www.dortmansinternational.com\/pt-pt\/wp-json\/wp\/v2\/comments?post=10341"}],"version-history":[{"count":1,"href":"https:\/\/www.dortmansinternational.com\/pt-pt\/wp-json\/wp\/v2\/pages\/10341\/revisions"}],"predecessor-version":[{"id":10344,"href":"https:\/\/www.dortmansinternational.com\/pt-pt\/wp-json\/wp\/v2\/pages\/10341\/revisions\/10344"}],"wp:attachment":[{"href":"https:\/\/www.dortmansinternational.com\/pt-pt\/wp-json\/wp\/v2\/media?parent=10341"}],"curies":[{"name":"wp","href":"https:\/\/api.w.org\/{rel}","templated":true}]}}