{"id":4175,"date":"2023-11-22T14:24:19","date_gmt":"2023-11-22T13:24:19","guid":{"rendered":"https:\/\/www.dortmansinternational.com\/regressa\/"},"modified":"2024-10-30T12:28:48","modified_gmt":"2024-10-30T11:28:48","slug":"regressa","status":"publish","type":"page","link":"https:\/\/www.dortmansinternational.com\/pt-pt\/regressa\/","title":{"rendered":"Regressa"},"content":{"rendered":"<p><div class=\"fusion-fullwidth fullwidth-box fusion-builder-row-1 fusion-flex-container nonhundred-percent-fullwidth non-hundred-percent-height-scrolling\" style=\"--awb-border-radius-top-left:0px;--awb-border-radius-top-right:0px;--awb-border-radius-bottom-right:0px;--awb-border-radius-bottom-left:0px;--awb-padding-top:50px;--awb-padding-bottom:50px;--awb-flex-wrap:wrap;\" ><div class=\"fusion-builder-row fusion-row fusion-flex-align-items-flex-start fusion-flex-content-wrap\" style=\"max-width:1248px;margin-left: calc(-4% \/ 2 );margin-right: calc(-4% \/ 2 );\"><div class=\"fusion-layout-column fusion_builder_column fusion-builder-column-0 fusion_builder_column_1_1 1_1 fusion-flex-column\" style=\"--awb-bg-size:cover;--awb-width-large:100%;--awb-margin-top-large:0px;--awb-spacing-right-large:1.92%;--awb-margin-bottom-large:0px;--awb-spacing-left-large:1.92%;--awb-width-medium:100%;--awb-spacing-right-medium:1.92%;--awb-spacing-left-medium:1.92%;--awb-width-small:100%;--awb-spacing-right-small:1.92%;--awb-spacing-left-small:1.92%;\"><div class=\"fusion-column-wrapper fusion-flex-justify-content-flex-start fusion-content-layout-column\"><div class=\"fusion-text fusion-text-1\" style=\"--awb-text-transform:none;\"><p><p>O direito de retrata\u00e7\u00e3o s\u00f3 se aplica quando o Cliente \u00e9 uma pessoa singular que n\u00e3o actua no exerc\u00edcio da sua profiss\u00e3o ou atividade. Os clientes comerciais n\u00e3o podem beneficiar do direito de retrata\u00e7\u00e3o. <\/p>\n<p>Tens o direito de anular a tua encomenda at\u00e9 14 dias ap\u00f3s a rece\u00e7\u00e3o da mesma, sem indicar o motivo. Disp\u00f5e de mais 14 dias para devolver o produto ap\u00f3s o cancelamento. Ser-te-\u00e1 ent\u00e3o creditado o montante total da encomenda, incluindo os custos de envio. Apenas os custos de devolu\u00e7\u00e3o do teu domic\u00edlio para a loja s\u00e3o por tua conta. Estes custos s\u00e3o de aproximadamente 7,25 por encomenda, para obteres as tarifas exactas, consulta o site da tua transportadora.      <\/p>\n<p>Se exerceres o teu direito de rescis\u00e3o, o produto ser\u00e1 devolvido ao empres\u00e1rio com todos os acess\u00f3rios entregues e &#8211; se for razoavelmente poss\u00edvel &#8211; no seu estado e embalagem originais. Se o produto estiver danificado ou se a embalagem estiver mais danificada do que o necess\u00e1rio para vender o produto, podemos transferir esta deprecia\u00e7\u00e3o do produto para ti. Por isso, trata o produto com cuidado e certifica-te de que est\u00e1 devidamente embalado quando o devolveres.  <\/p>\n<p>Para exercer este direito, descarrega o formul\u00e1rio abaixo, preenche-o e envia-o para o nosso endere\u00e7o de correio eletr\u00f3nico. Procederemos ao reembolso do montante da encomenda no prazo de 14 dias a contar da notifica\u00e7\u00e3o da tua devolu\u00e7\u00e3o, desde que o produto j\u00e1 tenha sido recebido em boas condi\u00e7\u00f5es. <\/p>\n<\/div><div ><a class=\"fusion-button button-flat fusion-button-default-size button-default fusion-button-default button-1 fusion-button-default-span fusion-button-default-type\" target=\"_self\"><span class=\"fusion-button-text awb-button__text awb-button__text--default\">Retourformulier downloaden<\/span><\/a><\/div><\/div><\/div><\/div><\/div>","protected":false},"excerpt":{"rendered":"","protected":false},"author":1,"featured_media":0,"parent":0,"menu_order":0,"comment_status":"closed","ping_status":"closed","template":"100-width.php","meta":{"footnotes":""},"class_list":["post-4175","page","type-page","status-publish","hentry"],"yoast_head":"<!-- This site is optimized with the Yoast SEO plugin v26.5 - https:\/\/yoast.com\/wordpress\/plugins\/seo\/ -->\n<title>Regressa - Dortmans International B.V.<\/title>\n<meta name=\"robots\" content=\"index, follow, max-snippet:-1, max-image-preview:large, max-video-preview:-1\" \/>\n<link rel=\"canonical\" href=\"https:\/\/www.dortmansinternational.com\/pt-pt\/regressa\/\" \/>\n<meta property=\"og:locale\" content=\"pt_PT\" \/>\n<meta property=\"og:type\" content=\"article\" \/>\n<meta property=\"og:title\" content=\"Regressa - Dortmans International B.V.\" \/>\n<meta property=\"og:url\" content=\"https:\/\/www.dortmansinternational.com\/pt-pt\/regressa\/\" \/>\n<meta property=\"og:site_name\" content=\"Dortmans International B.V.\" \/>\n<meta property=\"article:modified_time\" content=\"2024-10-30T11:28:48+00:00\" \/>\n<meta name=\"twitter:card\" content=\"summary_large_image\" \/>\n<meta name=\"twitter:label1\" content=\"Tempo estimado de leitura\" \/>\n\t<meta name=\"twitter:data1\" content=\"2 minutos\" \/>\n<script type=\"application\/ld+json\" class=\"yoast-schema-graph\">{\"@context\":\"https:\/\/schema.org\",\"@graph\":[{\"@type\":\"WebPage\",\"@id\":\"https:\/\/www.dortmansinternational.com\/pt-pt\/regressa\/\",\"url\":\"https:\/\/www.dortmansinternational.com\/pt-pt\/regressa\/\",\"name\":\"Regressa - Dortmans International B.V.\",\"isPartOf\":{\"@id\":\"https:\/\/www.dortmansinternational.com\/pt-pt\/#website\"},\"datePublished\":\"2023-11-22T13:24:19+00:00\",\"dateModified\":\"2024-10-30T11:28:48+00:00\",\"breadcrumb\":{\"@id\":\"https:\/\/www.dortmansinternational.com\/pt-pt\/regressa\/#breadcrumb\"},\"inLanguage\":\"pt-PT\",\"potentialAction\":[{\"@type\":\"ReadAction\",\"target\":[\"https:\/\/www.dortmansinternational.com\/pt-pt\/regressa\/\"]}]},{\"@type\":\"BreadcrumbList\",\"@id\":\"https:\/\/www.dortmansinternational.com\/pt-pt\/regressa\/#breadcrumb\",\"itemListElement\":[{\"@type\":\"ListItem\",\"position\":1,\"name\":\"Home\",\"item\":\"https:\/\/www.dortmansinternational.com\/pt-pt\/\"},{\"@type\":\"ListItem\",\"position\":2,\"name\":\"Regressa\"}]},{\"@type\":\"WebSite\",\"@id\":\"https:\/\/www.dortmansinternational.com\/pt-pt\/#website\",\"url\":\"https:\/\/www.dortmansinternational.com\/pt-pt\/\",\"name\":\"Dortmans International B.V.\",\"description\":\"Tweedehands stalinrichting\",\"potentialAction\":[{\"@type\":\"SearchAction\",\"target\":{\"@type\":\"EntryPoint\",\"urlTemplate\":\"https:\/\/www.dortmansinternational.com\/pt-pt\/?s={search_term_string}\"},\"query-input\":{\"@type\":\"PropertyValueSpecification\",\"valueRequired\":true,\"valueName\":\"search_term_string\"}}],\"inLanguage\":\"pt-PT\"}]}<\/script>\n<!-- \/ Yoast SEO plugin. -->","yoast_head_json":{"title":"Regressa - Dortmans International B.V.","robots":{"index":"index","follow":"follow","max-snippet":"max-snippet:-1","max-image-preview":"max-image-preview:large","max-video-preview":"max-video-preview:-1"},"canonical":"https:\/\/www.dortmansinternational.com\/pt-pt\/regressa\/","og_locale":"pt_PT","og_type":"article","og_title":"Regressa - Dortmans International B.V.","og_url":"https:\/\/www.dortmansinternational.com\/pt-pt\/regressa\/","og_site_name":"Dortmans International B.V.","article_modified_time":"2024-10-30T11:28:48+00:00","twitter_card":"summary_large_image","twitter_misc":{"Tempo estimado de leitura":"2 minutos"},"schema":{"@context":"https:\/\/schema.org","@graph":[{"@type":"WebPage","@id":"https:\/\/www.dortmansinternational.com\/pt-pt\/regressa\/","url":"https:\/\/www.dortmansinternational.com\/pt-pt\/regressa\/","name":"Regressa - Dortmans International B.V.","isPartOf":{"@id":"https:\/\/www.dortmansinternational.com\/pt-pt\/#website"},"datePublished":"2023-11-22T13:24:19+00:00","dateModified":"2024-10-30T11:28:48+00:00","breadcrumb":{"@id":"https:\/\/www.dortmansinternational.com\/pt-pt\/regressa\/#breadcrumb"},"inLanguage":"pt-PT","potentialAction":[{"@type":"ReadAction","target":["https:\/\/www.dortmansinternational.com\/pt-pt\/regressa\/"]}]},{"@type":"BreadcrumbList","@id":"https:\/\/www.dortmansinternational.com\/pt-pt\/regressa\/#breadcrumb","itemListElement":[{"@type":"ListItem","position":1,"name":"Home","item":"https:\/\/www.dortmansinternational.com\/pt-pt\/"},{"@type":"ListItem","position":2,"name":"Regressa"}]},{"@type":"WebSite","@id":"https:\/\/www.dortmansinternational.com\/pt-pt\/#website","url":"https:\/\/www.dortmansinternational.com\/pt-pt\/","name":"Dortmans International B.V.","description":"Tweedehands stalinrichting","potentialAction":[{"@type":"SearchAction","target":{"@type":"EntryPoint","urlTemplate":"https:\/\/www.dortmansinternational.com\/pt-pt\/?s={search_term_string}"},"query-input":{"@type":"PropertyValueSpecification","valueRequired":true,"valueName":"search_term_string"}}],"inLanguage":"pt-PT"}]}},"_links":{"self":[{"href":"https:\/\/www.dortmansinternational.com\/pt-pt\/wp-json\/wp\/v2\/pages\/4175","targetHints":{"allow":["GET"]}}],"collection":[{"href":"https:\/\/www.dortmansinternational.com\/pt-pt\/wp-json\/wp\/v2\/pages"}],"about":[{"href":"https:\/\/www.dortmansinternational.com\/pt-pt\/wp-json\/wp\/v2\/types\/page"}],"author":[{"embeddable":true,"href":"https:\/\/www.dortmansinternational.com\/pt-pt\/wp-json\/wp\/v2\/users\/1"}],"replies":[{"embeddable":true,"href":"https:\/\/www.dortmansinternational.com\/pt-pt\/wp-json\/wp\/v2\/comments?post=4175"}],"version-history":[{"count":1,"href":"https:\/\/www.dortmansinternational.com\/pt-pt\/wp-json\/wp\/v2\/pages\/4175\/revisions"}],"predecessor-version":[{"id":4176,"href":"https:\/\/www.dortmansinternational.com\/pt-pt\/wp-json\/wp\/v2\/pages\/4175\/revisions\/4176"}],"wp:attachment":[{"href":"https:\/\/www.dortmansinternational.com\/pt-pt\/wp-json\/wp\/v2\/media?parent=4175"}],"curies":[{"name":"wp","href":"https:\/\/api.w.org\/{rel}","templated":true}]}}