{"id":4191,"date":"2022-04-06T09:56:06","date_gmt":"2022-04-06T07:56:06","guid":{"rendered":"https:\/\/www.dortmansinternational.com\/prazo-de-entrega-e-custos-de-envio\/"},"modified":"2024-10-30T12:29:14","modified_gmt":"2024-10-30T11:29:14","slug":"prazo-de-entrega-e-custos-de-envio","status":"publish","type":"page","link":"https:\/\/www.dortmansinternational.com\/pt-pt\/prazo-de-entrega-e-custos-de-envio\/","title":{"rendered":"Prazo de entrega e custos de envio"},"content":{"rendered":"<div class=\"fusion-fullwidth fullwidth-box fusion-builder-row-1 fusion-flex-container nonhundred-percent-fullwidth non-hundred-percent-height-scrolling\" style=\"--awb-border-radius-top-left:0px;--awb-border-radius-top-right:0px;--awb-border-radius-bottom-right:0px;--awb-border-radius-bottom-left:0px;--awb-padding-top:50px;--awb-padding-bottom:50px;--awb-flex-wrap:wrap;\" ><div class=\"fusion-builder-row fusion-row fusion-flex-align-items-flex-start fusion-flex-content-wrap\" style=\"max-width:1248px;margin-left: calc(-4% \/ 2 );margin-right: calc(-4% \/ 2 );\"><div class=\"fusion-layout-column fusion_builder_column fusion-builder-column-0 fusion_builder_column_1_1 1_1 fusion-flex-column\" style=\"--awb-bg-size:cover;--awb-width-large:100%;--awb-margin-top-large:0px;--awb-spacing-right-large:1.92%;--awb-margin-bottom-large:0px;--awb-spacing-left-large:1.92%;--awb-width-medium:100%;--awb-spacing-right-medium:1.92%;--awb-spacing-left-medium:1.92%;--awb-width-small:100%;--awb-spacing-right-small:1.92%;--awb-spacing-left-small:1.92%;\"><div class=\"fusion-column-wrapper fusion-flex-justify-content-flex-start fusion-content-layout-column\"><div class=\"fusion-text fusion-text-1\" style=\"--awb-content-alignment:center;--awb-text-transform:none;\"><p>Fazemos cuidadosamente o nosso melhor para te enviar a encomenda o mais rapidamente poss\u00edvel. O nosso objetivo \u00e9 enviar as encomendas feitas em dias \u00fateis antes das 14:00 no mesmo dia. No entanto, nem sempre conseguimos cumprir este objetivo, por vezes os produtos est\u00e3o em rutura de stock e a entrega da tua encomenda pode demorar um pouco mais. Informa-te sobre os prazos de entrega. Se, por qualquer raz\u00e3o, n\u00e3o conseguirmos cumprir estes prazos de entrega, informar-te-emos o mais rapidamente poss\u00edvel.    <\/p>\n<p>Tamb\u00e9m podemos organizar o transporte para a entrega dos materiais. Isto \u00e9 sempre feito em consulta contigo, o cliente. <\/p>\n<\/div><\/div><\/div><\/div><\/div>\n","protected":false},"excerpt":{"rendered":"","protected":false},"author":1,"featured_media":0,"parent":0,"menu_order":0,"comment_status":"closed","ping_status":"closed","template":"100-width.php","meta":{"footnotes":""},"class_list":["post-4191","page","type-page","status-publish","hentry"],"yoast_head":"<!-- This site is optimized with the Yoast SEO plugin v26.5 - https:\/\/yoast.com\/wordpress\/plugins\/seo\/ -->\n<title>Prazo de entrega e custos de envio - Dortmans International B.V.<\/title>\n<meta name=\"robots\" content=\"index, follow, max-snippet:-1, max-image-preview:large, max-video-preview:-1\" \/>\n<link rel=\"canonical\" href=\"https:\/\/www.dortmansinternational.com\/pt-pt\/prazo-de-entrega-e-custos-de-envio\/\" \/>\n<meta property=\"og:locale\" content=\"pt_PT\" \/>\n<meta property=\"og:type\" content=\"article\" \/>\n<meta property=\"og:title\" content=\"Prazo de entrega e custos de envio - Dortmans International B.V.\" \/>\n<meta property=\"og:url\" content=\"https:\/\/www.dortmansinternational.com\/pt-pt\/prazo-de-entrega-e-custos-de-envio\/\" \/>\n<meta property=\"og:site_name\" content=\"Dortmans International B.V.\" \/>\n<meta property=\"article:modified_time\" content=\"2024-10-30T11:29:14+00:00\" \/>\n<meta name=\"twitter:card\" content=\"summary_large_image\" \/>\n<meta name=\"twitter:label1\" content=\"Tempo estimado de leitura\" \/>\n\t<meta name=\"twitter:data1\" content=\"1 minuto\" \/>\n<script type=\"application\/ld+json\" class=\"yoast-schema-graph\">{\"@context\":\"https:\/\/schema.org\",\"@graph\":[{\"@type\":\"WebPage\",\"@id\":\"https:\/\/www.dortmansinternational.com\/pt-pt\/prazo-de-entrega-e-custos-de-envio\/\",\"url\":\"https:\/\/www.dortmansinternational.com\/pt-pt\/prazo-de-entrega-e-custos-de-envio\/\",\"name\":\"Prazo de entrega e custos de envio - Dortmans International B.V.\",\"isPartOf\":{\"@id\":\"https:\/\/www.dortmansinternational.com\/pt-pt\/#website\"},\"datePublished\":\"2022-04-06T07:56:06+00:00\",\"dateModified\":\"2024-10-30T11:29:14+00:00\",\"breadcrumb\":{\"@id\":\"https:\/\/www.dortmansinternational.com\/pt-pt\/prazo-de-entrega-e-custos-de-envio\/#breadcrumb\"},\"inLanguage\":\"pt-PT\",\"potentialAction\":[{\"@type\":\"ReadAction\",\"target\":[\"https:\/\/www.dortmansinternational.com\/pt-pt\/prazo-de-entrega-e-custos-de-envio\/\"]}]},{\"@type\":\"BreadcrumbList\",\"@id\":\"https:\/\/www.dortmansinternational.com\/pt-pt\/prazo-de-entrega-e-custos-de-envio\/#breadcrumb\",\"itemListElement\":[{\"@type\":\"ListItem\",\"position\":1,\"name\":\"Home\",\"item\":\"https:\/\/www.dortmansinternational.com\/pt-pt\/\"},{\"@type\":\"ListItem\",\"position\":2,\"name\":\"Prazo de entrega e custos de envio\"}]},{\"@type\":\"WebSite\",\"@id\":\"https:\/\/www.dortmansinternational.com\/pt-pt\/#website\",\"url\":\"https:\/\/www.dortmansinternational.com\/pt-pt\/\",\"name\":\"Dortmans International B.V.\",\"description\":\"Tweedehands stalinrichting\",\"potentialAction\":[{\"@type\":\"SearchAction\",\"target\":{\"@type\":\"EntryPoint\",\"urlTemplate\":\"https:\/\/www.dortmansinternational.com\/pt-pt\/?s={search_term_string}\"},\"query-input\":{\"@type\":\"PropertyValueSpecification\",\"valueRequired\":true,\"valueName\":\"search_term_string\"}}],\"inLanguage\":\"pt-PT\"}]}<\/script>\n<!-- \/ Yoast SEO plugin. -->","yoast_head_json":{"title":"Prazo de entrega e custos de envio - Dortmans International B.V.","robots":{"index":"index","follow":"follow","max-snippet":"max-snippet:-1","max-image-preview":"max-image-preview:large","max-video-preview":"max-video-preview:-1"},"canonical":"https:\/\/www.dortmansinternational.com\/pt-pt\/prazo-de-entrega-e-custos-de-envio\/","og_locale":"pt_PT","og_type":"article","og_title":"Prazo de entrega e custos de envio - Dortmans International B.V.","og_url":"https:\/\/www.dortmansinternational.com\/pt-pt\/prazo-de-entrega-e-custos-de-envio\/","og_site_name":"Dortmans International B.V.","article_modified_time":"2024-10-30T11:29:14+00:00","twitter_card":"summary_large_image","twitter_misc":{"Tempo estimado de leitura":"1 minuto"},"schema":{"@context":"https:\/\/schema.org","@graph":[{"@type":"WebPage","@id":"https:\/\/www.dortmansinternational.com\/pt-pt\/prazo-de-entrega-e-custos-de-envio\/","url":"https:\/\/www.dortmansinternational.com\/pt-pt\/prazo-de-entrega-e-custos-de-envio\/","name":"Prazo de entrega e custos de envio - Dortmans International B.V.","isPartOf":{"@id":"https:\/\/www.dortmansinternational.com\/pt-pt\/#website"},"datePublished":"2022-04-06T07:56:06+00:00","dateModified":"2024-10-30T11:29:14+00:00","breadcrumb":{"@id":"https:\/\/www.dortmansinternational.com\/pt-pt\/prazo-de-entrega-e-custos-de-envio\/#breadcrumb"},"inLanguage":"pt-PT","potentialAction":[{"@type":"ReadAction","target":["https:\/\/www.dortmansinternational.com\/pt-pt\/prazo-de-entrega-e-custos-de-envio\/"]}]},{"@type":"BreadcrumbList","@id":"https:\/\/www.dortmansinternational.com\/pt-pt\/prazo-de-entrega-e-custos-de-envio\/#breadcrumb","itemListElement":[{"@type":"ListItem","position":1,"name":"Home","item":"https:\/\/www.dortmansinternational.com\/pt-pt\/"},{"@type":"ListItem","position":2,"name":"Prazo de entrega e custos de envio"}]},{"@type":"WebSite","@id":"https:\/\/www.dortmansinternational.com\/pt-pt\/#website","url":"https:\/\/www.dortmansinternational.com\/pt-pt\/","name":"Dortmans International B.V.","description":"Tweedehands stalinrichting","potentialAction":[{"@type":"SearchAction","target":{"@type":"EntryPoint","urlTemplate":"https:\/\/www.dortmansinternational.com\/pt-pt\/?s={search_term_string}"},"query-input":{"@type":"PropertyValueSpecification","valueRequired":true,"valueName":"search_term_string"}}],"inLanguage":"pt-PT"}]}},"_links":{"self":[{"href":"https:\/\/www.dortmansinternational.com\/pt-pt\/wp-json\/wp\/v2\/pages\/4191","targetHints":{"allow":["GET"]}}],"collection":[{"href":"https:\/\/www.dortmansinternational.com\/pt-pt\/wp-json\/wp\/v2\/pages"}],"about":[{"href":"https:\/\/www.dortmansinternational.com\/pt-pt\/wp-json\/wp\/v2\/types\/page"}],"author":[{"embeddable":true,"href":"https:\/\/www.dortmansinternational.com\/pt-pt\/wp-json\/wp\/v2\/users\/1"}],"replies":[{"embeddable":true,"href":"https:\/\/www.dortmansinternational.com\/pt-pt\/wp-json\/wp\/v2\/comments?post=4191"}],"version-history":[{"count":10,"href":"https:\/\/www.dortmansinternational.com\/pt-pt\/wp-json\/wp\/v2\/pages\/4191\/revisions"}],"predecessor-version":[{"id":4233,"href":"https:\/\/www.dortmansinternational.com\/pt-pt\/wp-json\/wp\/v2\/pages\/4191\/revisions\/4233"}],"wp:attachment":[{"href":"https:\/\/www.dortmansinternational.com\/pt-pt\/wp-json\/wp\/v2\/media?parent=4191"}],"curies":[{"name":"wp","href":"https:\/\/api.w.org\/{rel}","templated":true}]}}