{"id":10182,"date":"2022-10-05T17:31:44","date_gmt":"2022-10-05T15:31:44","guid":{"rendered":"https:\/\/www.dortmansinternational.com\/product\/alarme-stienen-am-6\/"},"modified":"2022-10-05T17:31:44","modified_gmt":"2022-10-05T15:31:44","slug":"alarme-stienen-am-6","status":"publish","type":"product","link":"https:\/\/www.dortmansinternational.com\/pt-pt\/product\/alarme-stienen-am-6\/","title":{"rendered":"Alarme Stienen AM-6"},"content":{"rendered":"<p>Este \u00e9 um texto falso. Tudo o que aqui est\u00e1 \u00e9 apenas para te dar uma impress\u00e3o do efeito gr\u00e1fico do texto neste local. O que est\u00e1s a ler aqui \u00e9 um texto de amostra. Mais tarde, ser\u00e1 substitu\u00eddo pelo texto final, que n\u00e3o \u00e9 conhecido neste momento. Por isso, o texto falso \u00e9 um texto que n\u00e3o \u00e9 realmente sobre nada. O engra\u00e7ado \u00e9 que, muitas vezes, as pessoas l\u00eaem-no na mesma. Mesmo que saibam que \u00e9 um texto falso, continuam a ler. Este \u00e9 um texto falso. Tudo o que aqui est\u00e1 \u00e9 apenas para te dar uma impress\u00e3o do efeito gr\u00e1fico do texto neste lugar. O que l\u00eas aqui \u00e9 um texto de amostra. Mais tarde, ser\u00e1 substitu\u00eddo pelo texto final, que n\u00e3o \u00e9 conhecido neste momento. Por isso, o texto falso \u00e9 um texto que n\u00e3o \u00e9 realmente sobre nada. O engra\u00e7ado \u00e9 que, muitas vezes, as pessoas l\u00eaem-no na mesma. Mesmo que saibam que \u00e9 um texto falso, continuam a ler.      <\/p>\n","protected":false},"excerpt":{"rendered":"<p>Este \u00e9 um texto falso. Tudo o que aqui est\u00e1  [&#8230;]<\/p>\n","protected":false},"featured_media":226,"comment_status":"open","ping_status":"closed","template":"","meta":[],"product_brand":[],"product_cat":[709],"product_tag":[710,713],"class_list":{"0":"post-10182","1":"product","2":"type-product","3":"status-publish","4":"has-post-thumbnail","6":"product_cat-computadores-climaticos","7":"product_tag-armario-climatico-pt-pt","8":"product_tag-stienen-pt-pt","9":"pa_merk-stienen-pt-pt","11":"first","12":"instock","13":"taxable","14":"shipping-taxable","15":"product-type-simple"},"yoast_head":"<!-- This site is optimized with the Yoast SEO plugin v26.5 - https:\/\/yoast.com\/wordpress\/plugins\/seo\/ -->\n<title>Alarme Stienen AM-6 - Dortmans International B.V.<\/title>\n<meta name=\"robots\" content=\"index, follow, max-snippet:-1, max-image-preview:large, max-video-preview:-1\" \/>\n<link rel=\"canonical\" href=\"https:\/\/www.dortmansinternational.com\/pt-pt\/product\/alarme-stienen-am-6\/\" \/>\n<meta property=\"og:locale\" content=\"pt_PT\" \/>\n<meta property=\"og:type\" content=\"article\" \/>\n<meta property=\"og:title\" content=\"Alarme Stienen AM-6 - Dortmans International B.V.\" \/>\n<meta property=\"og:description\" content=\"Este \u00e9 um texto falso. Tudo o que aqui est\u00e1 [...]\" \/>\n<meta property=\"og:url\" content=\"https:\/\/www.dortmansinternational.com\/pt-pt\/product\/alarme-stienen-am-6\/\" \/>\n<meta property=\"og:site_name\" content=\"Dortmans International B.V.\" \/>\n<meta property=\"og:image\" content=\"https:\/\/www.dortmansinternational.com\/wp-content\/uploads\/2024\/07\/0402185-Stienen-AM-6-alarm-2-scaled.jpg\" \/>\n\t<meta property=\"og:image:width\" content=\"1928\" \/>\n\t<meta property=\"og:image:height\" content=\"2560\" \/>\n\t<meta property=\"og:image:type\" content=\"image\/jpeg\" \/>\n<meta name=\"twitter:card\" content=\"summary_large_image\" \/>\n<meta name=\"twitter:label1\" content=\"Tempo estimado de leitura\" \/>\n\t<meta name=\"twitter:data1\" content=\"1 minuto\" \/>\n<script type=\"application\/ld+json\" class=\"yoast-schema-graph\">{\"@context\":\"https:\/\/schema.org\",\"@graph\":[{\"@type\":\"WebPage\",\"@id\":\"https:\/\/www.dortmansinternational.com\/pt-pt\/product\/alarme-stienen-am-6\/\",\"url\":\"https:\/\/www.dortmansinternational.com\/pt-pt\/product\/alarme-stienen-am-6\/\",\"name\":\"Alarme Stienen AM-6 - Dortmans International B.V.\",\"isPartOf\":{\"@id\":\"https:\/\/www.dortmansinternational.com\/pt-pt\/#website\"},\"primaryImageOfPage\":{\"@id\":\"https:\/\/www.dortmansinternational.com\/pt-pt\/product\/alarme-stienen-am-6\/#primaryimage\"},\"image\":{\"@id\":\"https:\/\/www.dortmansinternational.com\/pt-pt\/product\/alarme-stienen-am-6\/#primaryimage\"},\"thumbnailUrl\":\"https:\/\/www.dortmansinternational.com\/wp-content\/uploads\/2024\/07\/0402185-Stienen-AM-6-alarm-2-scaled.jpg\",\"datePublished\":\"2022-10-05T15:31:44+00:00\",\"breadcrumb\":{\"@id\":\"https:\/\/www.dortmansinternational.com\/pt-pt\/product\/alarme-stienen-am-6\/#breadcrumb\"},\"inLanguage\":\"pt-PT\",\"potentialAction\":[{\"@type\":\"ReadAction\",\"target\":[\"https:\/\/www.dortmansinternational.com\/pt-pt\/product\/alarme-stienen-am-6\/\"]}]},{\"@type\":\"ImageObject\",\"inLanguage\":\"pt-PT\",\"@id\":\"https:\/\/www.dortmansinternational.com\/pt-pt\/product\/alarme-stienen-am-6\/#primaryimage\",\"url\":\"https:\/\/www.dortmansinternational.com\/wp-content\/uploads\/2024\/07\/0402185-Stienen-AM-6-alarm-2-scaled.jpg\",\"contentUrl\":\"https:\/\/www.dortmansinternational.com\/wp-content\/uploads\/2024\/07\/0402185-Stienen-AM-6-alarm-2-scaled.jpg\",\"width\":1928,\"height\":2560},{\"@type\":\"BreadcrumbList\",\"@id\":\"https:\/\/www.dortmansinternational.com\/pt-pt\/product\/alarme-stienen-am-6\/#breadcrumb\",\"itemListElement\":[{\"@type\":\"ListItem\",\"position\":1,\"name\":\"Home\",\"item\":\"https:\/\/www.dortmansinternational.com\/pt-pt\/\"},{\"@type\":\"ListItem\",\"position\":2,\"name\":\"Compra\",\"item\":\"https:\/\/www.dortmansinternational.com\/compra\/\"},{\"@type\":\"ListItem\",\"position\":3,\"name\":\"Alarme Stienen AM-6\"}]},{\"@type\":\"WebSite\",\"@id\":\"https:\/\/www.dortmansinternational.com\/pt-pt\/#website\",\"url\":\"https:\/\/www.dortmansinternational.com\/pt-pt\/\",\"name\":\"Dortmans International B.V.\",\"description\":\"Tweedehands stalinrichting\",\"potentialAction\":[{\"@type\":\"SearchAction\",\"target\":{\"@type\":\"EntryPoint\",\"urlTemplate\":\"https:\/\/www.dortmansinternational.com\/pt-pt\/?s={search_term_string}\"},\"query-input\":{\"@type\":\"PropertyValueSpecification\",\"valueRequired\":true,\"valueName\":\"search_term_string\"}}],\"inLanguage\":\"pt-PT\"}]}<\/script>\n<!-- \/ Yoast SEO plugin. -->","yoast_head_json":{"title":"Alarme Stienen AM-6 - Dortmans International B.V.","robots":{"index":"index","follow":"follow","max-snippet":"max-snippet:-1","max-image-preview":"max-image-preview:large","max-video-preview":"max-video-preview:-1"},"canonical":"https:\/\/www.dortmansinternational.com\/pt-pt\/product\/alarme-stienen-am-6\/","og_locale":"pt_PT","og_type":"article","og_title":"Alarme Stienen AM-6 - Dortmans International B.V.","og_description":"Este \u00e9 um texto falso. Tudo o que aqui est\u00e1 [...]","og_url":"https:\/\/www.dortmansinternational.com\/pt-pt\/product\/alarme-stienen-am-6\/","og_site_name":"Dortmans International B.V.","og_image":[{"width":1928,"height":2560,"url":"https:\/\/www.dortmansinternational.com\/wp-content\/uploads\/2024\/07\/0402185-Stienen-AM-6-alarm-2-scaled.jpg","type":"image\/jpeg"}],"twitter_card":"summary_large_image","twitter_misc":{"Tempo estimado de leitura":"1 minuto"},"schema":{"@context":"https:\/\/schema.org","@graph":[{"@type":"WebPage","@id":"https:\/\/www.dortmansinternational.com\/pt-pt\/product\/alarme-stienen-am-6\/","url":"https:\/\/www.dortmansinternational.com\/pt-pt\/product\/alarme-stienen-am-6\/","name":"Alarme Stienen AM-6 - Dortmans International B.V.","isPartOf":{"@id":"https:\/\/www.dortmansinternational.com\/pt-pt\/#website"},"primaryImageOfPage":{"@id":"https:\/\/www.dortmansinternational.com\/pt-pt\/product\/alarme-stienen-am-6\/#primaryimage"},"image":{"@id":"https:\/\/www.dortmansinternational.com\/pt-pt\/product\/alarme-stienen-am-6\/#primaryimage"},"thumbnailUrl":"https:\/\/www.dortmansinternational.com\/wp-content\/uploads\/2024\/07\/0402185-Stienen-AM-6-alarm-2-scaled.jpg","datePublished":"2022-10-05T15:31:44+00:00","breadcrumb":{"@id":"https:\/\/www.dortmansinternational.com\/pt-pt\/product\/alarme-stienen-am-6\/#breadcrumb"},"inLanguage":"pt-PT","potentialAction":[{"@type":"ReadAction","target":["https:\/\/www.dortmansinternational.com\/pt-pt\/product\/alarme-stienen-am-6\/"]}]},{"@type":"ImageObject","inLanguage":"pt-PT","@id":"https:\/\/www.dortmansinternational.com\/pt-pt\/product\/alarme-stienen-am-6\/#primaryimage","url":"https:\/\/www.dortmansinternational.com\/wp-content\/uploads\/2024\/07\/0402185-Stienen-AM-6-alarm-2-scaled.jpg","contentUrl":"https:\/\/www.dortmansinternational.com\/wp-content\/uploads\/2024\/07\/0402185-Stienen-AM-6-alarm-2-scaled.jpg","width":1928,"height":2560},{"@type":"BreadcrumbList","@id":"https:\/\/www.dortmansinternational.com\/pt-pt\/product\/alarme-stienen-am-6\/#breadcrumb","itemListElement":[{"@type":"ListItem","position":1,"name":"Home","item":"https:\/\/www.dortmansinternational.com\/pt-pt\/"},{"@type":"ListItem","position":2,"name":"Compra","item":"https:\/\/www.dortmansinternational.com\/compra\/"},{"@type":"ListItem","position":3,"name":"Alarme Stienen AM-6"}]},{"@type":"WebSite","@id":"https:\/\/www.dortmansinternational.com\/pt-pt\/#website","url":"https:\/\/www.dortmansinternational.com\/pt-pt\/","name":"Dortmans International B.V.","description":"Tweedehands stalinrichting","potentialAction":[{"@type":"SearchAction","target":{"@type":"EntryPoint","urlTemplate":"https:\/\/www.dortmansinternational.com\/pt-pt\/?s={search_term_string}"},"query-input":{"@type":"PropertyValueSpecification","valueRequired":true,"valueName":"search_term_string"}}],"inLanguage":"pt-PT"}]}},"_links":{"self":[{"href":"https:\/\/www.dortmansinternational.com\/pt-pt\/wp-json\/wp\/v2\/product\/10182","targetHints":{"allow":["GET"]}}],"collection":[{"href":"https:\/\/www.dortmansinternational.com\/pt-pt\/wp-json\/wp\/v2\/product"}],"about":[{"href":"https:\/\/www.dortmansinternational.com\/pt-pt\/wp-json\/wp\/v2\/types\/product"}],"replies":[{"embeddable":true,"href":"https:\/\/www.dortmansinternational.com\/pt-pt\/wp-json\/wp\/v2\/comments?post=10182"}],"wp:featuredmedia":[{"embeddable":true,"href":"https:\/\/www.dortmansinternational.com\/pt-pt\/wp-json\/wp\/v2\/media\/226"}],"wp:attachment":[{"href":"https:\/\/www.dortmansinternational.com\/pt-pt\/wp-json\/wp\/v2\/media?parent=10182"}],"wp:term":[{"taxonomy":"product_brand","embeddable":true,"href":"https:\/\/www.dortmansinternational.com\/pt-pt\/wp-json\/wp\/v2\/product_brand?post=10182"},{"taxonomy":"product_cat","embeddable":true,"href":"https:\/\/www.dortmansinternational.com\/pt-pt\/wp-json\/wp\/v2\/product_cat?post=10182"},{"taxonomy":"product_tag","embeddable":true,"href":"https:\/\/www.dortmansinternational.com\/pt-pt\/wp-json\/wp\/v2\/product_tag?post=10182"}],"curies":[{"name":"wp","href":"https:\/\/api.w.org\/{rel}","templated":true}]}}